{"id":143,"date":"2021-03-20T11:12:18","date_gmt":"2021-03-20T11:12:18","guid":{"rendered":"http:\/\/kobolcso.hu\/?page_id=143"},"modified":"2021-03-20T11:29:10","modified_gmt":"2021-03-20T11:29:10","slug":"mindent-a-konyvrol","status":"publish","type":"page","link":"https:\/\/kobolcso.hu\/?page_id=143","title":{"rendered":"Mindent a k\u00f6nyvr\u0151l"},"content":{"rendered":"\n<p>A <em>K\u0151b\u00f6lcs\u0151 <\/em>egyszerre mag\u00e1val ragad\u00f3 \u00f6n\u00e9letrajzi reg\u00e9ny \u00e9s dr\u00e1mai l\u00e1tlelet arr\u00f3l, milyen hull\u00e1mokat vethetnek a traum\u00e1k maguk k\u00f6r\u00fcl, \u00e9s hogyan sodorhatnek el mindenkit, aki csak a k\u00f6zel\u00fckbe ker\u00fcl.<\/p>\n","protected":false},"excerpt":{"rendered":"<p>A K\u0151b\u00f6lcs\u0151 egyszerre mag\u00e1val ragad\u00f3 \u00f6n\u00e9letrajzi reg\u00e9ny \u00e9s dr\u00e1mai l\u00e1tlelet arr\u00f3l, milyen hull\u00e1mokat vethetnek a traum\u00e1k maguk k\u00f6r\u00fcl, \u00e9s hogyan sodorhatnek el mindenkit, aki csak a k\u00f6zel\u00fckbe ker\u00fcl.<\/p>\n","protected":false},"author":1,"featured_media":0,"parent":0,"menu_order":0,"comment_status":"closed","ping_status":"closed","template":"","meta":{"footnotes":""},"class_list":["post-143","page","type-page","status-publish","hentry"],"_links":{"self":[{"href":"https:\/\/kobolcso.hu\/index.php?rest_route=\/wp\/v2\/pages\/143","targetHints":{"allow":["GET"]}}],"collection":[{"href":"https:\/\/kobolcso.hu\/index.php?rest_route=\/wp\/v2\/pages"}],"about":[{"href":"https:\/\/kobolcso.hu\/index.php?rest_route=\/wp\/v2\/types\/page"}],"author":[{"embeddable":true,"href":"https:\/\/kobolcso.hu\/index.php?rest_route=\/wp\/v2\/users\/1"}],"replies":[{"embeddable":true,"href":"https:\/\/kobolcso.hu\/index.php?rest_route=%2Fwp%2Fv2%2Fcomments&post=143"}],"version-history":[{"count":3,"href":"https:\/\/kobolcso.hu\/index.php?rest_route=\/wp\/v2\/pages\/143\/revisions"}],"predecessor-version":[{"id":155,"href":"https:\/\/kobolcso.hu\/index.php?rest_route=\/wp\/v2\/pages\/143\/revisions\/155"}],"wp:attachment":[{"href":"https:\/\/kobolcso.hu\/index.php?rest_route=%2Fwp%2Fv2%2Fmedia&parent=143"}],"curies":[{"name":"wp","href":"https:\/\/api.w.org\/{rel}","templated":true}]}}