{"id":149,"date":"2021-03-20T11:20:48","date_gmt":"2021-03-20T11:20:48","guid":{"rendered":"http:\/\/kobolcso.hu\/?page_id=149"},"modified":"2021-03-20T12:06:57","modified_gmt":"2021-03-20T12:06:57","slug":"vagyunk-am-igy-meg-ezzel-paran","status":"publish","type":"page","link":"https:\/\/kobolcso.hu\/?page_id=149","title":{"rendered":"Vagyunk \u00e1m \u00edgy m\u00e9g ezzel p\u00e1ran"},"content":{"rendered":"\n<p><\/p>\n\n\n\n<p class=\"has-text-align-center\">&#8211; nevel\u0151sz\u00fcl\u0151s gyerekek a k\u00f6znevel\u00e9sben-<\/p>\n\n\n\n<div class=\"wp-block-image\"><figure class=\"aligncenter size-large is-resized\"><img loading=\"lazy\" decoding=\"async\" src=\"http:\/\/kobolcso.hu\/wp-content\/uploads\/2021\/03\/24190500-mit-husten-in-den-kindergarten-in-den-wintermonaten-ist-eine-schnupfnase-bei-kleinen-kindern-eher-die-regel-als-die-ausnahme-heuer-brauchen-kinder-mit-2uOLkF2DWwec-1024x1024.jpg\" alt=\"\" class=\"wp-image-180\" width=\"402\" height=\"402\" srcset=\"https:\/\/kobolcso.hu\/wp-content\/uploads\/2021\/03\/24190500-mit-husten-in-den-kindergarten-in-den-wintermonaten-ist-eine-schnupfnase-bei-kleinen-kindern-eher-die-regel-als-die-ausnahme-heuer-brauchen-kinder-mit-2uOLkF2DWwec-1024x1024.jpg 1024w, https:\/\/kobolcso.hu\/wp-content\/uploads\/2021\/03\/24190500-mit-husten-in-den-kindergarten-in-den-wintermonaten-ist-eine-schnupfnase-bei-kleinen-kindern-eher-die-regel-als-die-ausnahme-heuer-brauchen-kinder-mit-2uOLkF2DWwec-300x300.jpg 300w, https:\/\/kobolcso.hu\/wp-content\/uploads\/2021\/03\/24190500-mit-husten-in-den-kindergarten-in-den-wintermonaten-ist-eine-schnupfnase-bei-kleinen-kindern-eher-die-regel-als-die-ausnahme-heuer-brauchen-kinder-mit-2uOLkF2DWwec-150x150.jpg 150w, https:\/\/kobolcso.hu\/wp-content\/uploads\/2021\/03\/24190500-mit-husten-in-den-kindergarten-in-den-wintermonaten-ist-eine-schnupfnase-bei-kleinen-kindern-eher-die-regel-als-die-ausnahme-heuer-brauchen-kinder-mit-2uOLkF2DWwec-768x768.jpg 768w, https:\/\/kobolcso.hu\/wp-content\/uploads\/2021\/03\/24190500-mit-husten-in-den-kindergarten-in-den-wintermonaten-ist-eine-schnupfnase-bei-kleinen-kindern-eher-die-regel-als-die-ausnahme-heuer-brauchen-kinder-mit-2uOLkF2DWwec-1536x1536.jpg 1536w, https:\/\/kobolcso.hu\/wp-content\/uploads\/2021\/03\/24190500-mit-husten-in-den-kindergarten-in-den-wintermonaten-ist-eine-schnupfnase-bei-kleinen-kindern-eher-die-regel-als-die-ausnahme-heuer-brauchen-kinder-mit-2uOLkF2DWwec-2048x2048.jpg 2048w, https:\/\/kobolcso.hu\/wp-content\/uploads\/2021\/03\/24190500-mit-husten-in-den-kindergarten-in-den-wintermonaten-ist-eine-schnupfnase-bei-kleinen-kindern-eher-die-regel-als-die-ausnahme-heuer-brauchen-kinder-mit-2uOLkF2DWwec-825x825.jpg 825w, https:\/\/kobolcso.hu\/wp-content\/uploads\/2021\/03\/24190500-mit-husten-in-den-kindergarten-in-den-wintermonaten-ist-eine-schnupfnase-bei-kleinen-kindern-eher-die-regel-als-die-ausnahme-heuer-brauchen-kinder-mit-2uOLkF2DWwec-100x100.jpg 100w\" sizes=\"auto, (max-width: 402px) 100vw, 402px\" \/><\/figure><\/div>\n\n\n\n<p>\u201eEmma, \u00e9n p\u00e1r \u00e9ve majdnem feladtam az \u00f3v\u00f3n\u0151i p\u00e1ly\u00e1t egy ilyen kisl\u00e1ny miatt!\u201d<\/p>\n\n\n\n<p>A K\u0151b\u00f6lcs\u0151 c\u00edm\u0171 k\u00f6nyv megjelen\u00e9s\u00e9t k\u00f6vet\u0151en rengeteg spont\u00e1n reakci\u00f3t \u00e9s visszajelz\u00e9st kaptam, k\u00f6zt\u00fck a fenti sorokat. Enik\u0151 egy kist\u00e9rs\u00e9gi t\u00e1rsul\u00e1s tagint\u00e9zm\u00e9ny-vezet\u0151jek\u00e9nt \u00e9s egyben gyakorl\u00f3 \u00f3vodapedag\u00f3gusk\u00e9nt, csoportban is dolgozik; hozz\u00e1m hasonl\u00f3an h\u00fasz \u00e9ve van a p\u00e1ly\u00e1n.<\/p>\n\n\n\n<p><em>A kist\u00e9rs\u00e9g &#8211; ahol dolgozom- kor\u00e1bban igen j\u00f3l \u00e9lt a mez\u0151gazdas\u00e1gb\u00f3l \u2013<\/em>mondja<em>. A t\u00edz \u00e9vvel ezel\u0151tti gazdas\u00e1gi v\u00e1ls\u00e1g hat\u00e1s\u00e1ra, de legf\u0151k\u00e9ppen a multik t\u00e9rnyer\u00e9se k\u00f6vetkezt\u00e9ben azonban a kisebb gazdas\u00e1gok nagy r\u00e9sz cs\u0151dbe ment \u00e9s a termel\u0151k m\u00e1s meg\u00e9lhet\u00e9si forr\u00e1sok ut\u00e1n n\u00e9ztek. Ekkor v\u00e1lt \u201edivatoss\u00e1\u201d fel\u00e9nk nevel\u0151sz\u00fcl\u0151nek lenni. Ez a helyzet az\u00f3ta is fenn\u00e1ll, \u00edgy rengeteg tapasztalatot szerezt\u00fcnk az \u00e1llami gondoskod\u00e1sban \u00e9l\u0151 gyermekeket illet\u0151en, hiszen speci\u00e1lis helyzet\u00fcnkb\u0151l ad\u00f3d\u00f3an a hozz\u00e1nk j\u00e1r\u00f3 3-6 \u00e9ves koroszt\u00e1ly 15%-a nevel\u0151sz\u00fcl\u0151kn\u00e9l van elhelyezve.<\/em><\/p>\n\n\n\n<p><strong>Ez \u00edgy els\u0151re el\u00e9g vadul hangzik, hogy a csal\u00e1dok a kap\u00e1t gyerekre cser\u00e9lt\u00e9k\u2026<\/strong><\/p>\n\n\n\n<p><em>A k\u00f6rny\u00e9kbeli falvak \u00e9s kisv\u00e1rosok tipikus helyi mikrok\u00f6z\u00f6ss\u00e9gek, ahol mindenki ismer mindenkit. N\u00e1lunk m\u00e9g m\u0171k\u00f6dik a csal\u00e1dl\u00e1togat\u00e1s, de ett\u0151l f\u00fcggetlen\u00fcl szem\u00e9lyesen is ismerj\u00fck a befogad\u00f3 csal\u00e1dokat. Nyugodt sz\u00edvvel \u00e1ll\u00edthatom, hogy az abszurdnak t\u0171n\u0151 motiv\u00e1ci\u00f3 ellen\u00e9re a gyerekek t\u00falnyom\u00f3 t\u00f6bbs\u00e9ge nagyon j\u00f3 helyen van az \u00e9letsz\u00ednvonalat, a lakhat\u00e1si k\u00f6r\u00fclm\u00e9nyeket \u00e9s a nevel\u0151sz\u00fcl\u0151k szem\u00e9ly\u00e9t illet\u0151en egyar\u00e1nt. A hozz\u00e1nk j\u00e1r\u00f3 k\u00f6zel 70 gyerek 25%-a h\u00e1tr\u00e1nyos helyzet\u0171, de k\u00f6zt\u00fck nincsenek nevel\u0151sz\u00fcl\u0151n\u00e9l \u00e9l\u0151k.<\/em><\/p>\n\n\n\n<p><strong>Amikor egy kisgyereket be\u00edratnak hozz\u00e1tok az \u00f3vod\u00e1ba, tiszt\u00e1ban vagytok az \u0151 st\u00e1tusz\u00e1val \u00e9s el\u0151\u00e9let\u00e9vel?<\/strong><\/p>\n\n\n\n<p><em>A gy\u00e1m \u00e9s a nevel\u0151sz\u00fcl\u0151 egy\u00fcttesen jelentkezik n\u00e1lunk, \u00edgy minden esetben tudjuk, hogy a be\u00edratkoz\u00f3 \u00e1llami gondoskod\u00e1sban van.<\/em><\/p>\n\n\n\n<p><strong>Hogyan zajlik a nevel\u0151sz\u00fcl\u0151s gyerekek beszoktat\u00e1sa?<\/strong><\/p>\n\n\n\n<p><em>Ugyan\u00fagy, mint az \u00f6sszes t\u00f6bbi gyerek\u00e9. Azonban l\u00e9nyeges, szembe\u00f6tl\u0151 k\u00fcl\u00f6nbs\u00e9gek tapasztalhat\u00f3ak egy v\u00e9r szerinti, illetve egy \u00e1llami gondozott gyermek beilleszked\u00e9se k\u00f6z\u00f6tt. A nevel\u0151s\u00f6k (nevel\u0151sz\u00fcl\u0151n\u00e9l elhelyezett gyerekek * szerk.) beszoktat\u00e1sa z\u00f6kken\u0151mentes. Az ut\u00f3bbi 10 \u00e9vben egy ujjamon meg tudom sz\u00e1molni, hogy egy \u00e1llami gondoskod\u00e1sban \u00e9l\u0151 gyermek h\u00e1nyszor s\u00edrt az \u201eanyuk\u00e1ja\u201d ut\u00e1n. Tipikusan nagyon k\u00f6nny\u0171 a lev\u00e1l\u00e1s, \u00e9s a kicsik nagyon szeretnek a k\u00f6z\u00f6ss\u00e9gben annak ellen\u00e9re, hogy azonnal be vannak dobva a m\u00e9ly v\u00edzbe.<\/em><\/p>\n\n\n\n<p><strong>Ez alatt mit \u00e9rtesz pontosan, hogy \u201eazonnal be vannak dobva a m\u00e9ly v\u00edzbe\u201d?<\/strong><\/p>\n\n\n\n<p><em>Azt, hogy a gondoz\u00e1si hely v\u00e1lt\u00e1st k\u00f6vet\u0151en a nevel\u0151csal\u00e1dok szinte azonnal be\u00edratj\u00e1k \u0151ket a nevel\u00e9si-oktat\u00e1si int\u00e9zm\u00e9nyekbe. M\u00e9g magukhoz sem t\u00e9rtek egy \u00faj k\u00f6rnyezetben, de m\u00e1r r\u00f6gt\u00f6n ott a nyakukon a k\u00f6vetkez\u0151\u2026 egy feln\u0151ttnek is embert pr\u00f3b\u00e1l\u00f3, nemhogy egy gyereknek. Az \u00e9rzelmi megnyilv\u00e1nul\u00e1sokban is sok az elt\u00e9r\u00e9s egy v\u00e9r szerinti \u00e9s egy nevel\u0151s gyerek k\u00f6zt. Nincsenek \u00e9rzelmes b\u00facs\u00faz\u00e1sok, a kicsik l\u00e1tsz\u00f3lag legink\u00e1bb a v\u00e9r szerinti testv\u00e9reikhez k\u00f6t\u0151dnek, akikkel egy\u00fctt vannak elhelyezve.<\/em><\/p>\n\n\n\n<p><strong>Hogyan teljes\u00edtenek ezek a gyerekek az \u00f3vod\u00e1ban?<\/strong><\/p>\n\n\n\n<p><em>Nagyon v\u00e1ltoz\u00f3an \u00e9s t\u00f6bbnyire neh\u00e9zkesen. Kiemelked\u0151en magas csoportl\u00e9tsz\u00e1mmal vagyunk k\u00e9nytelenek dolgozni, 25-26 f\u0151vel. Erre a seregnyi gyerekre 2 f\u0151 szakk\u00e9pzett \u00f3vodapedag\u00f3gus (egy d\u00e9lel\u0151tt\u00f6s \u00e9s egy d\u00e9lut\u00e1nos), valamint egy dajka jut. A gyerekek k\u00f6z\u00f6tt rengeteg az SNI-s (*saj\u00e1tos nevel\u00e9si ig\u00e9ny\u0171, k\u00fcl\u00f6nleges b\u00e1n\u00e1sm\u00f3dot ig\u00e9nyl\u0151 gyermek, aki s\u00e9r\u00fclt, fogyat\u00e9kos vagy r\u00e9szk\u00e9pess\u00e9g zavaros \u00e9s gy\u00f3gypedag\u00f3giai fejleszt\u00e9sre szorul * szerk.), illetve a beilleszked\u00e9si, tanul\u00e1si \u00e9s magatart\u00e1si neh\u00e9zs\u00e9ggel (BTMN) k\u00fczd\u0151. A nevel\u0151sz\u00fcl\u0151n\u00e9l nevelked\u0151 gyermekek mind traumatiz\u00e1ltak \u00e9s szinte kiv\u00e9tel n\u00e9lk\u00fcl megkapj\u00e1k a minimum BTMN min\u0151s\u00edt\u00e9st.<\/em><\/p>\n\n\n\n<p><strong>Mindezek miben nyilv\u00e1nulnak meg a gyakorlatban?<\/strong><\/p>\n\n\n\n<p><em>Amit a k\u00f6nyvedben eml\u00edtesz, azok sz\u00f3 szerint, mintha a mi h\u00e9tk\u00f6znapjainkat \u00edrn\u00e1k le. Az agresszivit\u00e1s, a tr\u00e1g\u00e1r besz\u00e9d, a habzsol\u00e1s \u00e9s m\u00e1s \u00e9tkez\u00e9si zavarok&#8230; egyt\u0151l-egyig \u00e1lland\u00f3 k\u00eds\u00e9r\u0151i a mindennapjainknak. K\u00e9rd\u00e9s n\u00e9lk\u00fcl tudjuk, mikor volt egy gyerek a v\u00e9r szerinti sz\u00fcleivel kapcsolattart\u00e1son, mert olyankor kezelhetetlen, durva, zaklatott, vagy \u00e9ppen mag\u00e1ba fordul\u00f3 \u00e9s napokra , n\u00e9ha hetekre van sz\u00fcks\u00e9ge ahhoz, hogy visszanyerje a l\u00e9lekjelenl\u00e9t\u00e9t. Nem is csoda, hiszen a k\u00f6telez\u0151 jelleg\u0171 kapcsolattart\u00e1s rendszeres velej\u00e1r\u00f3ja a gyermekek b\u00e1ntalmaz\u00e1sa, ami k\u00fcls\u00e9relmi nyomot ugyan ritk\u00e1n hagy maga ut\u00e1n, lelkit viszont ann\u00e1l ink\u00e1bb.<\/em><\/p>\n\n\n\n<p><strong>Mondan\u00e1l konkr\u00e9t p\u00e9ld\u00e1t?<\/strong><\/p>\n\n\n\n<p><em>P\u00e9ld\u00e1ul, ha a gyerek b\u00fcntet\u00e9s\u00e9\u00fcl azt szabj\u00e1k ki, hogy telet\u00f6lt\u00f6tt vizes palackot tartson erej\u00e9n fel\u00fcl, hossz\u00fa percekig, vagy ha nem fogad sz\u00f3t, kik\u00f6tik a radi\u00e1torcs\u0151h\u00f6z. Mindezt bebizony\u00edtani lehetetlen, de mi tudjuk \u00e9s a saj\u00e1t b\u0151r\u00fcnk\u00f6n tapasztaljuk meg, hogy a gyerek nem hazudik; a viselked\u00e9se, a metakommunik\u00e1ci\u00f3ja mindent el\u00e1rul, m\u00e9g azokat a dolgokat is, amiket nem biztos, hogy szavakba tud\/akar \u00f6nteni.<\/em><\/p>\n\n\n\n<p><strong>Milyen eszk\u00f6z\u00f6k, lehet\u0151s\u00e9getek van egy-egy ilyen helyzetben a kezetekben: az adott gyereket t\u00e1mogatni, de egy\u00fattal a r\u00e1tok b\u00edzott csoport egys\u00e9g\u00e9t \u00e9s dinamik\u00e1j\u00e1t is meg\u0151rizni?<\/strong><\/p>\n\n\n\n<p><em>Szinte semmi. P\u00e1r \u00e9ve volt a csoportomban egy kisl\u00e1ny, aki t\u00f6bbedmag\u00e1val lett kiemelve a v\u00e9r szerinti csal\u00e1dj\u00e1b\u00f3l a nagyobb testv\u00e9reit \u00e9rint\u0151 szexu\u00e1lis ab\u00fazus miatt. Els\u0151 nevelt gyereke volt a nevel\u0151sz\u00fcl\u0151nek. A be\u00edrat\u00e1s sor\u00e1n a gy\u00e1mt\u00f3l azt a figyelmeztet\u00e9st kaptuk, hogy \u201enem lesz egyszer\u0171\u201d, de rem\u00e9li, menni fog. H\u00e1t nem ment. Se nek\u00fcnk, se a nevel\u0151sz\u00fcl\u0151nek. Kezdetben csak verb\u00e1lisan volt agressz\u00edv, de a k\u00e9s\u0151bbiekben olyannyira eldurvult a helyzet, hogy ha nem kiz\u00e1r\u00f3lag vele foglalkoztunk, hanem pr\u00f3b\u00e1ltunk valamif\u00e9le eg\u00e9sz \u2013vagy&nbsp; mikro-csoportos (csoporton bel\u00fcli 2-3 f\u0151s alcsoportok * szerk.) tev\u00e9kenys\u00e9get kezdem\u00e9nyezni, sz\u00f3 szerint \u0151rj\u00f6ngeni kezdett. Fakock\u00e1kat, sz\u00e9ket, j\u00e1t\u00e9kokat hajig\u00e1lt a csoportban, fizikailag b\u00e1ntalmazta a t\u00e1rsait \u00e9s minket is. A gyerekek sik\u00edtoztak f\u00e9lelm\u0171kben vagy s\u00edrtak, hogy haza akarnak menni. \u00cdgy zajlottak a mindennapjaink 25 gyerekkel, majd egy \u00e9ven \u00e1t.<\/em><\/p>\n\n\n\n<p><strong>Hogyan pr\u00f3b\u00e1lt\u00e1tok megoldani ezt a helyzetet?<\/strong><\/p>\n\n\n\n<p><em>Term\u00e9szetesen \u00e9rtes\u00edtett\u00fck a gy\u00e1mot, aki annyit mondott, hogy ez a feladatunk, ez\u00e9rt kapjuk a fizet\u00e9s\u00fcnket, \u00fagyhogy oldjuk meg \u00e9s viselj\u00fck el.<\/em><\/p>\n\n\n\n<p><em>Az int\u00e9zm\u00e9nyvezet\u0151 k\u00e9r\u00e9s\u00e9re rendszeresen foglalkozott vele egy\u00e9nileg gy\u00f3gypedag\u00f3gus, de ez a heti 1-2 \u00f3ra term\u00e9szetesen nem oldotta meg a h\u00e9tk\u00f6znapok probl\u00e9m\u00e1j\u00e1t.<\/em><\/p>\n\n\n\n<p><em>&nbsp;K\u00e9rt\u00fck pszichol\u00f3gus seg\u00edts\u00e9g\u00e9t is, de a pedag\u00f3giai szakszolg\u00e1latnak nem volt kapacit\u00e1sa r\u00e1. A nevel\u0151sz\u00fcl\u0151vel is folyamatosan tartottuk a kapcsolatot \u00e9s pr\u00f3b\u00e1ltuk k\u00f6z\u00f6sen megoldani a helyzetet, de v\u00e9g\u00e9n a fesz\u00fclts\u00e9g m\u00e1r olyan m\u00e9reteket \u00f6lt\u00f6tt, hogy \u00e1tmenetileg a viszony is megromlott k\u00f6zt\u00fcnk. A kisl\u00e1ny otthon is \u00edgy viselkedett, \u00e9s nemcsak mi, de a nevel\u0151sz\u00fcl\u0151 is egyed\u00fcl lett hagyva a probl\u00e9m\u00e1val. \u0150 azt\u00e1n jobb h\u00edj\u00e1n \u00fagy kezelte a helyzetet, hogy els\u0151k\u00e9nt hozta \u00e9s utols\u00f3k\u00e9nt vitte el a gyereket az \u00f3vod\u00e1b\u00f3l. Pedig pr\u00f3b\u00e1lkoztak \u0151k is megold\u00e1st tal\u00e1lni; kuty\u00e1s ter\u00e1pi\u00e1ra is vitt\u00e9k, de nem sok sikerrel. Mi meg ott \u00e1lltunk egy 25 f\u0151s csoport k\u00f6zep\u00e9n, \u00e9s egyetlen gyerek k\u00f6t\u00f6tte le az \u00f6sszes energi\u00e1nkat \u00e9s figyelm\u00fcnket annak \u00e9rdek\u00e9ben, hogy meg\u00f3vjuk a terhes dajka n\u00e9ni meg 24 kisgyerek testi \u00e9ps\u00e9g\u00e9t, \u00e9s fenntartsunk egy legal\u00e1bb elviselhet\u0151 l\u00e9gk\u00f6rt. Foglalkoz\u00e1sokra, \u00e9rtelmes tev\u00e9kenys\u00e9gekre abban az id\u0151ben nem futotta. \u00c9letemben nem \u00e9reztem m\u00e9g szakmailag ilyen m\u00e9rt\u00e9k\u0171 tehetetlens\u00e9get \u00e9s kiszolg\u00e1ltatotts\u00e1got. Eszk\u00f6ztelenek voltunk. Tudtuk, hogy ez a k\u00f6zeg nem megfelel\u0151 ennek a kisl\u00e1nynak; egy kis l\u00e9tsz\u00e1m\u00fa csoportra lett volna sz\u00fcks\u00e9ge, ahol klasszisokkal t\u00f6bb egy\u00e9ni figyelmet kap, de az \u00e1thelyez\u00e9shez csak az utols\u00f3 ut\u00e1ni \u00f3r\u00e1ban siker\u00fclt megnyerni a szak\u00e9rt\u0151i bizotts\u00e1got. Akkor \u2013\u00e9letemben el\u0151sz\u00f6r- m\u00e1r t\u00f6bbedmagammal fontolgattam a felmond\u00e1st.<\/em><\/p>\n\n\n\n<p><em>A kisl\u00e1ny egy v\u00e9gtelennek t\u0171n\u0151 \u00e9v ut\u00e1n v\u00e9g\u00fcl beker\u00fclt egy sz\u00e1m\u00e1ra ide\u00e1lis, kisl\u00e9tsz\u00e1m\u00fa fejleszt\u0151 csoportba, majd az int\u00e9zm\u00e9nyv\u00e1lt\u00e1st k\u00f6vet\u0151en mindannyiunk megd\u00f6bben\u00e9s\u00e9re heteken bel\u00fcl \u00f6r\u00f6kbe adt\u00e1k k\u00fclf\u00f6ldre. 4,5 \u00e9ves volt ekkor.<\/em><\/p>\n\n\n\n<p><strong>Mi tartott vissza, illetve kit\u0151l kapt\u00e1l te, mint gyakorl\u00f3 pedag\u00f3gus seg\u00edts\u00e9get?<\/strong><\/p>\n\n\n\n<p><em>Ennyi szakm\u00e1ban elt\u00f6lt\u00f6tt \u00e9v ut\u00e1n teljesen megt\u00f6rtem, mint pedag\u00f3gus, mert egyed\u00fcl maradtam a probl\u00e9m\u00e1val \u00e9s senki nem volt, akire sz\u00e1m\u00edthattam volna. nem voltam ura a helyzetnek. A magatart\u00e1szavaros gyermekek integr\u00e1l\u00e1sa norm\u00e1l csoportba egy sz\u00e9p gondolat, de a gyakorlatban kudarcra van \u00edt\u00e9lve, mert az ehhez sz\u00fcks\u00e9ges ismeretek nem, vagy csak v\u00e1laszthat\u00f3, eleny\u00e9sz\u0151 r\u00e9szei az alapk\u00e9pz\u00e9snek, nincsen &#8211; vagy nincs el\u00e9g k\u00e9pzett \u00e9s bevethet\u0151 szakember, nincsenek ilyen ir\u00e1ny\u00fa tov\u00e1bbk\u00e9pz\u00e9sek \u00e9s egy nagy l\u00e9tsz\u00e1m\u00fa csoportban mindez egy\u00e9bk\u00e9nt is megval\u00f3s\u00edthatatlan.<\/em><\/p>\n\n\n\n<p><em>Az egyetlen, ami m\u00e9gis a p\u00e1ly\u00e1n tartott, az a csal\u00e1dom t\u00e1mogat\u00e1sa \u00e9s valamilyen szinten az a fajta makacss\u00e1gom, hogy nehogy m\u00e1r\u2026 De az is nagy seg\u00edts\u00e9g volt, hogy elolvastam a k\u00f6nyvedet, mert erre az oldal\u00e1ra a probl\u00e9m\u00e1nak 20 \u00e9vvel a h\u00e1tam m\u00f6g\u00f6tt sem volt r\u00e1l\u00e1t\u00e1som. \u00c9s szerintem ezzel nem vagyok egyed\u00fcl.<\/em><\/p>\n","protected":false},"excerpt":{"rendered":"<p>&#8211; nevel\u0151sz\u00fcl\u0151s gyerekek a k\u00f6znevel\u00e9sben- \u201eEmma, \u00e9n p\u00e1r \u00e9ve majdnem feladtam az \u00f3v\u00f3n\u0151i p\u00e1ly\u00e1t egy ilyen kisl\u00e1ny miatt!\u201d A K\u0151b\u00f6lcs\u0151 c\u00edm\u0171 k\u00f6nyv megjelen\u00e9s\u00e9t k\u00f6vet\u0151en rengeteg spont\u00e1n reakci\u00f3t \u00e9s visszajelz\u00e9st kaptam, k\u00f6zt\u00fck a fenti sorokat. Enik\u0151 egy kist\u00e9rs\u00e9gi t\u00e1rsul\u00e1s tagint\u00e9zm\u00e9ny-vezet\u0151jek\u00e9nt \u00e9s egyben gyakorl\u00f3 \u00f3vodapedag\u00f3gusk\u00e9nt, csoportban is dolgozik; hozz\u00e1m hasonl\u00f3an h\u00fasz \u00e9ve van a p\u00e1ly\u00e1n. A kist\u00e9rs\u00e9g &hellip; <a href=\"https:\/\/kobolcso.hu\/?page_id=149\" class=\"more-link\"><span class=\"screen-reader-text\">Vagyunk \u00e1m \u00edgy m\u00e9g ezzel p\u00e1ran<\/span> r\u00e9szletei&#8230;<\/a><\/p>\n","protected":false},"author":1,"featured_media":0,"parent":0,"menu_order":0,"comment_status":"closed","ping_status":"closed","template":"","meta":{"footnotes":""},"class_list":["post-149","page","type-page","status-publish","hentry"],"_links":{"self":[{"href":"https:\/\/kobolcso.hu\/index.php?rest_route=\/wp\/v2\/pages\/149","targetHints":{"allow":["GET"]}}],"collection":[{"href":"https:\/\/kobolcso.hu\/index.php?rest_route=\/wp\/v2\/pages"}],"about":[{"href":"https:\/\/kobolcso.hu\/index.php?rest_route=\/wp\/v2\/types\/page"}],"author":[{"embeddable":true,"href":"https:\/\/kobolcso.hu\/index.php?rest_route=\/wp\/v2\/users\/1"}],"replies":[{"embeddable":true,"href":"https:\/\/kobolcso.hu\/index.php?rest_route=%2Fwp%2Fv2%2Fcomments&post=149"}],"version-history":[{"count":4,"href":"https:\/\/kobolcso.hu\/index.php?rest_route=\/wp\/v2\/pages\/149\/revisions"}],"predecessor-version":[{"id":181,"href":"https:\/\/kobolcso.hu\/index.php?rest_route=\/wp\/v2\/pages\/149\/revisions\/181"}],"wp:attachment":[{"href":"https:\/\/kobolcso.hu\/index.php?rest_route=%2Fwp%2Fv2%2Fmedia&parent=149"}],"curies":[{"name":"wp","href":"https:\/\/api.w.org\/{rel}","templated":true}]}}