{"id":156,"date":"2021-03-20T11:30:14","date_gmt":"2021-03-20T11:30:14","guid":{"rendered":"http:\/\/kobolcso.hu\/?page_id=156"},"modified":"2021-05-25T16:05:23","modified_gmt":"2021-05-25T16:05:23","slug":"a-konyvrol-mondtatok","status":"publish","type":"page","link":"https:\/\/kobolcso.hu\/?page_id=156","title":{"rendered":"A k\u00f6nyvr\u0151l mondt\u00e1tok"},"content":{"rendered":"\n<div class=\"wp-block-image\"><figure class=\"aligncenter size-large is-resized\"><img loading=\"lazy\" decoding=\"async\" src=\"http:\/\/kobolcso.hu\/wp-content\/uploads\/2021\/03\/plakat-768x1024.jpg\" alt=\"\" class=\"wp-image-182\" width=\"387\" height=\"516\" srcset=\"https:\/\/kobolcso.hu\/wp-content\/uploads\/2021\/03\/plakat-768x1024.jpg 768w, https:\/\/kobolcso.hu\/wp-content\/uploads\/2021\/03\/plakat-225x300.jpg 225w, https:\/\/kobolcso.hu\/wp-content\/uploads\/2021\/03\/plakat-1152x1536.jpg 1152w, https:\/\/kobolcso.hu\/wp-content\/uploads\/2021\/03\/plakat.jpg 1512w\" sizes=\"auto, (max-width: 387px) 100vw, 387px\" \/><\/figure><\/div>\n\n\n\n<figure class=\"wp-block-embed is-type-wp-embed is-provider-7-szoba wp-block-embed-7-szoba\"><div class=\"wp-block-embed__wrapper\">\nhttps:\/\/7szoba.hu\/szuloi-felugyelet-ajanlott-stajn-emma-kobolcso\/?fbclid=IwAR3nc5K1tXHOSpImtde09ExNos2kjIu0Vi8Tq0wSBfKMhRXY8gw1GwQ29Mo\n<\/div><figcaption><em><span class=\"has-inline-color has-medium-pink-color\">7 szoba k\u00f6nyves blog 2021.03.11<\/span><\/em><\/figcaption><\/figure>\n\n\n\n<p><a href=\"https:\/\/moly.hu\/konyvek\/stajn-emma-kobolcso\/ertekelesek\">https:\/\/moly.hu\/konyvek\/stajn-emma-kobolcso\/ertekelesek<\/a><\/p>\n\n\n\n<p>&#8222;<strong>Egy t\u00f6rt\u00e9net lehet megrend\u00edt\u0151, egy t\u00f6rt\u00e9net lehet megh\u00f6kkent\u0151, de ez \u00e1ltal\u00e1ban nem el\u00e9g egy j\u00f3 k\u00f6nyv meg\u00edr\u00e1s\u00e1hoz. Kell hozz\u00e1 m\u00e9g j\u00f3 nagy adag \u0151szintes\u00e9g, olyan \u0151szintes\u00e9g, amely nem f\u00e9l elmondani, hogy olykor \u201egy\u00e1v\u00e1k, kegyetlenek \u00e9s sebezhet\u0151ek is vagyunk\u201d. \u00c9s kell m\u00e9g valami.&nbsp; \u00cdr\u00f3i tehets\u00e9g. A K\u0151b\u00f6lcs\u0151ben mindez benne van.&nbsp;<\/strong>&#8222;<\/p>\n\n\n\n<p class=\"has-text-align-right\"><em>P\u00e9terfy-Nov\u00e1k \u00c9va<\/em><\/p>\n\n\n\n<p>&#8222;Ma eg\u00e9sz nap v\u00f6r\u00f6s szemmel j\u00e1rtam-keltem, miut\u00e1n szok\u00e1somhoz nem h\u00edven tegnap \u00e9jjel f\u00e9l 2-kor fek\u00fcdtem le &#8211; nem tudtam nem befejezni el\u0151tte ezt a k\u00f6nyvet. Ami egy igaz t\u00f6rt\u00e9neten kereszt\u00fcl feszeget erk\u00f6lcsi, filozofikus, pszichol\u00f3giai dilemm\u00e1kat arr\u00f3l, hogyan tudja egy k\u00e9t\u00e9ves kisl\u00e1ny szem\u00e9lyis\u00e9g\u00e9t is eltorz\u00edtani egy korai traumatiz\u00e1lt helyzet, milyen \u00e1ldozatot lehet\/kell\/szabad meghozni egy nevel\u0151sz\u00fcl\u0151nek, aki egyszer \u00fagy d\u00f6nt\u00f6tt, felel\u0151ss\u00e9get v\u00e1llal \u00e9rte, \u00e9s hogyan k\u00e9pes egyetlen ember traum\u00e1ja lassan \u00e9s alattomosan meghas\u00edtani a k\u00f6r\u00fcl\u00f6tte \u00e9l\u0151k kapcsolatait is, \u00e1thangolva az eg\u00e9sz csal\u00e1d ment\u00e1lis \u00e1llapot\u00e1t. Nem k\u00f6nny\u0171 tengerparti olvasm\u00e1ny <a href=\"https:\/\/www.facebook.com\/St%C3%A1jn-Emma-szerz%C5%91i-oldala-106041871328323\/?__cft__[0]=AZU89I_RsySjk5A4fuM4me0KilnOR-Pu9dsqmvd01p4PWijJtbKjqw7ox5Xzlv3Ms_7JT9wVuYKAKvugpKj5e_UHKvcG51_Kw6f9PTh5jVlSY-keCkxDCX2p_54cG_JZdL39GScb_9d70CmjYOcoHLDU&amp;__tn__=kK-R\">St\u00e1jn Emma szerz\u0151i oldala<\/a> K\u0151b\u00f6lcs\u0151 c\u00edm\u0171 k\u00f6nyve, de h\u00e1t j\u00f3 ideig \u00fagyse mehet\u00fcnk tengerpartra.&#8221;<\/p>\n\n\n\n<p class=\"has-text-align-right\"><em>Al Ghaoui Hesna<\/em><\/p>\n\n\n\n<p><a href=\"https:\/\/magyarnarancs.hu\/sorkoz\/milyen-ember-az-akinek-az-idegei-lassan-felmondjak-a-szolgalatot-236660?fbclid=IwAR2DdbptHLvXlC8i-N0d9BPqeVCirYY3ZizpWwezqPFdNC6tbVcJQ_y3xhQ\">https:\/\/magyarnarancs.hu\/sorkoz\/milyen-ember-az-akinek-az-idegei-lassan-felmondjak-a-szolgalatot-236660?fbclid=IwAR2DdbptHLvXlC8i-N0d9BPqeVCirYY3ZizpWwezqPFdNC6tbVcJQ_y3xhQ<\/a><\/p>\n\n\n\n<figure class=\"wp-block-embed is-type-wp-embed is-provider-konyvterasz wp-block-embed-konyvterasz\"><div class=\"wp-block-embed__wrapper\">\nhttps:\/\/konyvterasz.hu\/tundermese-a-pokolbol\/\n<\/div><figcaption><em><span class=\"has-inline-color has-medium-pink-color\">K\u00f6nyvterasz 2021.03.22<\/span><\/em><\/figcaption><\/figure>\n\n\n\n<figure class=\"wp-block-image size-large\"><img loading=\"lazy\" decoding=\"async\" width=\"1000\" height=\"521\" src=\"http:\/\/kobolcso.hu\/wp-content\/uploads\/2021\/05\/safe_image.jpg\" alt=\"\" class=\"wp-image-289\" srcset=\"https:\/\/kobolcso.hu\/wp-content\/uploads\/2021\/05\/safe_image.jpg 1000w, https:\/\/kobolcso.hu\/wp-content\/uploads\/2021\/05\/safe_image-300x156.jpg 300w, https:\/\/kobolcso.hu\/wp-content\/uploads\/2021\/05\/safe_image-768x400.jpg 768w\" sizes=\"auto, (max-width: 1000px) 100vw, 1000px\" \/><\/figure>\n\n\n\n<figure class=\"wp-block-embed is-type-link is-provider-gumiszoba wp-block-embed-gumiszoba\"><div class=\"wp-block-embed__wrapper\">\n<blockquote class=\"wp-embedded-content\" data-secret=\"pT9BsTJznL\"><a href=\"https:\/\/gumiszoba.com\/2021\/03\/27\/mikor-a-szeretet-mar-nem-eleg-elolvastuk-stajn-emma-kobolcsojet\/\">Mikor a szeretet m\u00e1r nem el\u00e9g. Elolvastuk St\u00e1jn Emma&nbsp;K\u0151b\u00f6lcs\u0151j\u00e9t<\/a><\/blockquote><iframe loading=\"lazy\" class=\"wp-embedded-content\" sandbox=\"allow-scripts\" security=\"restricted\" style=\"position: absolute; clip: rect(1px, 1px, 1px, 1px);\" title=\"&#8220;Mikor a szeretet m\u00e1r nem el\u00e9g. Elolvastuk St\u00e1jn Emma&nbsp;K\u0151b\u00f6lcs\u0151j\u00e9t&#8221; &#8212; Gumiszoba\" src=\"https:\/\/gumiszoba.com\/2021\/03\/27\/mikor-a-szeretet-mar-nem-eleg-elolvastuk-stajn-emma-kobolcsojet\/embed\/#?secret=kl1SRx4yTt#?secret=pT9BsTJznL\" data-secret=\"pT9BsTJznL\" width=\"600\" height=\"338\" frameborder=\"0\" marginwidth=\"0\" marginheight=\"0\" scrolling=\"no\"><\/iframe>\n<\/div><figcaption><em><span class=\"has-inline-color has-medium-pink-color\">Gumiszoba 2021.03.27<\/span><\/em><\/figcaption><\/figure>\n\n\n\n<div class=\"wp-block-image\"><figure class=\"aligncenter size-large is-resized\"><img loading=\"lazy\" decoding=\"async\" src=\"http:\/\/kobolcso.hu\/wp-content\/uploads\/2021\/05\/3abeacb94e1c4d50b2529344055b9db7-1-614x1024.jpg\" alt=\"\" class=\"wp-image-288\" width=\"123\" height=\"206\" srcset=\"https:\/\/kobolcso.hu\/wp-content\/uploads\/2021\/05\/3abeacb94e1c4d50b2529344055b9db7-1-614x1024.jpg 614w, https:\/\/kobolcso.hu\/wp-content\/uploads\/2021\/05\/3abeacb94e1c4d50b2529344055b9db7-1-180x300.jpg 180w, https:\/\/kobolcso.hu\/wp-content\/uploads\/2021\/05\/3abeacb94e1c4d50b2529344055b9db7-1-768x1281.jpg 768w, https:\/\/kobolcso.hu\/wp-content\/uploads\/2021\/05\/3abeacb94e1c4d50b2529344055b9db7-1.jpg 800w\" sizes=\"auto, (max-width: 123px) 100vw, 123px\" \/><\/figure><\/div>\n\n\n\n<p><a href=\" https:\/\/www.glamour.hu\/monitor\/7-konyvujdonsag-noi-szerzoktol-amire-erdemes-lecsapnod-a-glamour-napokon\/ts2gj0j?fbclid=IwAR1WPj6tuNT72LoRctpUq4emsKqR19A4CTsCFXDfqpv-Hkhsbk3Nd2zv6Oo\"> https:\/\/www.glamour.hu\/monitor\/7-konyvujdonsag-noi-szerzoktol-amire-erdemes-lecsapnod-a-glamour-napokon\/ts2gj0j?fbclid=IwAR1WPj6tuNT72LoRctpUq4emsKqR19A4CTsCFXDfqpv-Hkhsbk3Nd2zv6Oo<\/a><\/p>\n\n\n\n<p><\/p>\n\n\n\n<div class=\"wp-block-image\"><figure class=\"aligncenter size-large is-resized\"><img loading=\"lazy\" decoding=\"async\" src=\"http:\/\/kobolcso.hu\/wp-content\/uploads\/2021\/05\/00192938-1024x684.jpeg\" alt=\"\" class=\"wp-image-282\" width=\"461\" height=\"307\" srcset=\"https:\/\/kobolcso.hu\/wp-content\/uploads\/2021\/05\/00192938-1024x684.jpeg 1024w, https:\/\/kobolcso.hu\/wp-content\/uploads\/2021\/05\/00192938-300x200.jpeg 300w, https:\/\/kobolcso.hu\/wp-content\/uploads\/2021\/05\/00192938-768x513.jpeg 768w, https:\/\/kobolcso.hu\/wp-content\/uploads\/2021\/05\/00192938.jpeg 1095w\" sizes=\"auto, (max-width: 461px) 100vw, 461px\" \/><\/figure><\/div>\n\n\n\n<p><a href=\"https:\/\/wmn.hu\/kult\/55044-mi-van-ha-a-gondjaidra-bizott-gyereket-nem-tudod-szeretni--a-kobolcso-egy-megtort-neveloszulo-tortenete?fbclid=IwAR1L0G0OXjbR1V8WpuAYZ1QizJklAQ5ltkxEWUduyFsNbu0jpUxxOpCvYUU\" data-type=\"URL\" data-id=\"https:\/\/wmn.hu\/kult\/55044-mi-van-ha-a-gondjaidra-bizott-gyereket-nem-tudod-szeretni--a-kobolcso-egy-megtort-neveloszulo-tortenete?fbclid=IwAR1L0G0OXjbR1V8WpuAYZ1QizJklAQ5ltkxEWUduyFsNbu0jpUxxOpCvYUU\">https:\/\/wmn.hu\/kult\/55044-mi-van-ha-a-gondjaidra-bizott-gyereket-nem-tudod-szeretni&#8211;a-kobolcso-egy-megtort-neveloszulo-tortenete?fbclid=IwAR1L0G0OXjbR1V8WpuAYZ1QizJklAQ5ltkxEWUduyFsNbu0jpUxxOpCvYUU<\/a><\/p>\n\n\n\n<p><a href=\"https:\/\/konyvturista.blogspot.com\/2021\/05\/stajn-emma-kobolcso.html#more\">https:\/\/konyvturista.blogspot.com\/2021\/05\/stajn-emma-kobolcso.html#more<\/a><\/p>\n\n\n\n<figure class=\"wp-block-embed is-type-link is-provider-olvass-bele wp-block-embed-olvass-bele\"><div class=\"wp-block-embed__wrapper\">\n<blockquote class=\"wp-embedded-content\" data-secret=\"3u6VIevL7d\"><a href=\"https:\/\/olvassbele.com\/2021\/05\/21\/stajn-emma-kobolcso\/\">Mi\u00e9rt legyek \u00e9n tisztess\u00e9ges? | St\u00e1jn Emma:&nbsp;K\u0151b\u00f6lcs\u0151<\/a><\/blockquote><iframe loading=\"lazy\" class=\"wp-embedded-content\" sandbox=\"allow-scripts\" security=\"restricted\" style=\"position: absolute; clip: rect(1px, 1px, 1px, 1px);\" title=\"&#8220;Mi\u00e9rt legyek \u00e9n tisztess\u00e9ges? | St\u00e1jn Emma:&nbsp;K\u0151b\u00f6lcs\u0151&#8221; &#8212; Olvass bele\" src=\"https:\/\/olvassbele.com\/2021\/05\/21\/stajn-emma-kobolcso\/embed\/#?secret=aB1ccHq9hN#?secret=3u6VIevL7d\" data-secret=\"3u6VIevL7d\" width=\"600\" height=\"338\" frameborder=\"0\" marginwidth=\"0\" marginheight=\"0\" scrolling=\"no\"><\/iframe>\n<\/div><\/figure>\n\n\n\n<p><\/p>\n","protected":false},"excerpt":{"rendered":"<p>https:\/\/moly.hu\/konyvek\/stajn-emma-kobolcso\/ertekelesek &#8222;Egy t\u00f6rt\u00e9net lehet megrend\u00edt\u0151, egy t\u00f6rt\u00e9net lehet megh\u00f6kkent\u0151, de ez \u00e1ltal\u00e1ban nem el\u00e9g egy j\u00f3 k\u00f6nyv meg\u00edr\u00e1s\u00e1hoz. Kell hozz\u00e1 m\u00e9g j\u00f3 nagy adag \u0151szintes\u00e9g, olyan \u0151szintes\u00e9g, amely nem f\u00e9l elmondani, hogy olykor \u201egy\u00e1v\u00e1k, kegyetlenek \u00e9s sebezhet\u0151ek is vagyunk\u201d. \u00c9s kell m\u00e9g valami.&nbsp; \u00cdr\u00f3i tehets\u00e9g. A K\u0151b\u00f6lcs\u0151ben mindez benne van.&nbsp;&#8222; P\u00e9terfy-Nov\u00e1k \u00c9va &#8222;Ma eg\u00e9sz nap &hellip; <a href=\"https:\/\/kobolcso.hu\/?page_id=156\" class=\"more-link\"><span class=\"screen-reader-text\">A k\u00f6nyvr\u0151l mondt\u00e1tok<\/span> r\u00e9szletei&#8230;<\/a><\/p>\n","protected":false},"author":1,"featured_media":0,"parent":0,"menu_order":0,"comment_status":"closed","ping_status":"closed","template":"","meta":{"footnotes":""},"class_list":["post-156","page","type-page","status-publish","hentry"],"_links":{"self":[{"href":"https:\/\/kobolcso.hu\/index.php?rest_route=\/wp\/v2\/pages\/156","targetHints":{"allow":["GET"]}}],"collection":[{"href":"https:\/\/kobolcso.hu\/index.php?rest_route=\/wp\/v2\/pages"}],"about":[{"href":"https:\/\/kobolcso.hu\/index.php?rest_route=\/wp\/v2\/types\/page"}],"author":[{"embeddable":true,"href":"https:\/\/kobolcso.hu\/index.php?rest_route=\/wp\/v2\/users\/1"}],"replies":[{"embeddable":true,"href":"https:\/\/kobolcso.hu\/index.php?rest_route=%2Fwp%2Fv2%2Fcomments&post=156"}],"version-history":[{"count":27,"href":"https:\/\/kobolcso.hu\/index.php?rest_route=\/wp\/v2\/pages\/156\/revisions"}],"predecessor-version":[{"id":295,"href":"https:\/\/kobolcso.hu\/index.php?rest_route=\/wp\/v2\/pages\/156\/revisions\/295"}],"wp:attachment":[{"href":"https:\/\/kobolcso.hu\/index.php?rest_route=%2Fwp%2Fv2%2Fmedia&parent=156"}],"curies":[{"name":"wp","href":"https:\/\/api.w.org\/{rel}","templated":true}]}}