{"id":159,"date":"2021-03-20T11:33:08","date_gmt":"2021-03-20T11:33:08","guid":{"rendered":"http:\/\/kobolcso.hu\/?page_id=159"},"modified":"2021-04-04T10:54:06","modified_gmt":"2021-04-04T10:54:06","slug":"159-2","status":"publish","type":"page","link":"https:\/\/kobolcso.hu\/?page_id=159","title":{"rendered":""},"content":{"rendered":"\n<figure class=\"wp-block-image\"><img decoding=\"async\" src=\"https:\/\/noivalto.hu\/wp-content\/uploads\/2020\/09\/noivalto-logo-2020-400px.png\" alt=\"N\u0151i v\u00e1lt\u00f3\"\/><\/figure>\n\n\n\n<figure class=\"wp-block-embed is-type-wp-embed is-provider-noi-valto wp-block-embed-noi-valto\"><div class=\"wp-block-embed__wrapper\">\n<blockquote class=\"wp-embedded-content\" data-secret=\"DeptyRpr9V\"><a href=\"https:\/\/noivalto.hu\/ezvan\/stajn-emma-kobolcso\/\">Mire k\u00e9pes egy kor\u00e1n t\u00f6nkretett kis \u00e9let? \u2013 A K\u0151b\u00f6lcs\u0151 v\u00e1lasza beh\u00faz \u00e9s nem enged<\/a><\/blockquote><iframe loading=\"lazy\" class=\"wp-embedded-content\" sandbox=\"allow-scripts\" security=\"restricted\" style=\"position: absolute; clip: rect(1px, 1px, 1px, 1px);\" title=\"&#8220;Mire k\u00e9pes egy kor\u00e1n t\u00f6nkretett kis \u00e9let? \u2013 A K\u0151b\u00f6lcs\u0151 v\u00e1lasza beh\u00faz \u00e9s nem enged&#8221; &#8212; N\u0151i v\u00e1lt\u00f3\" src=\"https:\/\/noivalto.hu\/ezvan\/stajn-emma-kobolcso\/embed\/#?secret=I7fGhTPXXM#?secret=DeptyRpr9V\" data-secret=\"DeptyRpr9V\" width=\"600\" height=\"338\" frameborder=\"0\" marginwidth=\"0\" marginheight=\"0\" scrolling=\"no\"><\/iframe>\n<\/div><\/figure>\n\n\n\n<figure class=\"wp-block-gallery columns-2 is-cropped wp-block-gallery-1 is-layout-flex wp-block-gallery-is-layout-flex\"><ul class=\"blocks-gallery-grid\"><li class=\"blocks-gallery-item\"><figure><img loading=\"lazy\" decoding=\"async\" width=\"614\" height=\"1024\" src=\"http:\/\/kobolcso.hu\/wp-content\/uploads\/2021\/03\/StajnE_Kobolcso_300dpi-1-614x1024.jpg\" alt=\"\" data-id=\"167\" data-full-url=\"http:\/\/kobolcso.hu\/wp-content\/uploads\/2021\/03\/StajnE_Kobolcso_300dpi-1.jpg\" data-link=\"http:\/\/kobolcso.hu\/?attachment_id=167\" class=\"wp-image-167\" srcset=\"https:\/\/kobolcso.hu\/wp-content\/uploads\/2021\/03\/StajnE_Kobolcso_300dpi-1-614x1024.jpg 614w, https:\/\/kobolcso.hu\/wp-content\/uploads\/2021\/03\/StajnE_Kobolcso_300dpi-1-180x300.jpg 180w, https:\/\/kobolcso.hu\/wp-content\/uploads\/2021\/03\/StajnE_Kobolcso_300dpi-1-768x1281.jpg 768w, https:\/\/kobolcso.hu\/wp-content\/uploads\/2021\/03\/StajnE_Kobolcso_300dpi-1-921x1536.jpg 921w, https:\/\/kobolcso.hu\/wp-content\/uploads\/2021\/03\/StajnE_Kobolcso_300dpi-1-1228x2048.jpg 1228w, https:\/\/kobolcso.hu\/wp-content\/uploads\/2021\/03\/StajnE_Kobolcso_300dpi-1.jpg 1466w\" sizes=\"auto, (max-width: 614px) 100vw, 614px\" \/><\/figure><\/li><li class=\"blocks-gallery-item\"><figure><img loading=\"lazy\" decoding=\"async\" width=\"1024\" height=\"683\" src=\"http:\/\/kobolcso.hu\/wp-content\/uploads\/2021\/03\/194-1-1024x683.jpg\" alt=\"\" data-id=\"168\" data-full-url=\"http:\/\/kobolcso.hu\/wp-content\/uploads\/2021\/03\/194-1-scaled.jpg\" data-link=\"http:\/\/kobolcso.hu\/?attachment_id=168\" class=\"wp-image-168\" srcset=\"https:\/\/kobolcso.hu\/wp-content\/uploads\/2021\/03\/194-1-1024x683.jpg 1024w, https:\/\/kobolcso.hu\/wp-content\/uploads\/2021\/03\/194-1-300x200.jpg 300w, https:\/\/kobolcso.hu\/wp-content\/uploads\/2021\/03\/194-1-768x512.jpg 768w, https:\/\/kobolcso.hu\/wp-content\/uploads\/2021\/03\/194-1-1536x1024.jpg 1536w, https:\/\/kobolcso.hu\/wp-content\/uploads\/2021\/03\/194-1-2048x1365.jpg 2048w, https:\/\/kobolcso.hu\/wp-content\/uploads\/2021\/03\/194-1-180x120.jpg 180w\" sizes=\"auto, (max-width: 1024px) 100vw, 1024px\" \/><\/figure><\/li><\/ul><\/figure>\n\n\n\n<p><\/p>\n","protected":false},"excerpt":{"rendered":"","protected":false},"author":1,"featured_media":0,"parent":0,"menu_order":0,"comment_status":"closed","ping_status":"closed","template":"","meta":{"footnotes":""},"class_list":["post-159","page","type-page","status-publish","hentry"],"_links":{"self":[{"href":"https:\/\/kobolcso.hu\/index.php?rest_route=\/wp\/v2\/pages\/159","targetHints":{"allow":["GET"]}}],"collection":[{"href":"https:\/\/kobolcso.hu\/index.php?rest_route=\/wp\/v2\/pages"}],"about":[{"href":"https:\/\/kobolcso.hu\/index.php?rest_route=\/wp\/v2\/types\/page"}],"author":[{"embeddable":true,"href":"https:\/\/kobolcso.hu\/index.php?rest_route=\/wp\/v2\/users\/1"}],"replies":[{"embeddable":true,"href":"https:\/\/kobolcso.hu\/index.php?rest_route=%2Fwp%2Fv2%2Fcomments&post=159"}],"version-history":[{"count":4,"href":"https:\/\/kobolcso.hu\/index.php?rest_route=\/wp\/v2\/pages\/159\/revisions"}],"predecessor-version":[{"id":244,"href":"https:\/\/kobolcso.hu\/index.php?rest_route=\/wp\/v2\/pages\/159\/revisions\/244"}],"wp:attachment":[{"href":"https:\/\/kobolcso.hu\/index.php?rest_route=%2Fwp%2Fv2%2Fmedia&parent=159"}],"curies":[{"name":"wp","href":"https:\/\/api.w.org\/{rel}","templated":true}]}}