{"id":203,"date":"2021-04-03T16:03:28","date_gmt":"2021-04-03T16:03:28","guid":{"rendered":"http:\/\/kobolcso.hu\/?page_id=203"},"modified":"2021-04-03T16:17:51","modified_gmt":"2021-04-03T16:17:51","slug":"te-kit-valasztanal","status":"publish","type":"page","link":"https:\/\/kobolcso.hu\/?page_id=203","title":{"rendered":"Te kit v\u00e1lasztan\u00e1l?"},"content":{"rendered":"\n<figure class=\"wp-block-image size-large\"><img loading=\"lazy\" decoding=\"async\" width=\"1024\" height=\"549\" src=\"http:\/\/kobolcso.hu\/wp-content\/uploads\/2021\/04\/Narzissmus-Kinder-Eltern-1024x549.jpg\" alt=\"\" class=\"wp-image-206\" srcset=\"https:\/\/kobolcso.hu\/wp-content\/uploads\/2021\/04\/Narzissmus-Kinder-Eltern-1024x549.jpg 1024w, https:\/\/kobolcso.hu\/wp-content\/uploads\/2021\/04\/Narzissmus-Kinder-Eltern-300x161.jpg 300w, https:\/\/kobolcso.hu\/wp-content\/uploads\/2021\/04\/Narzissmus-Kinder-Eltern-768x411.jpg 768w, https:\/\/kobolcso.hu\/wp-content\/uploads\/2021\/04\/Narzissmus-Kinder-Eltern.jpg 1400w\" sizes=\"auto, (max-width: 1024px) 100vw, 1024px\" \/><\/figure>\n\n\n\n<p>Hazafel\u00e9 tartok. A kocsiban d\u00fcb\u00f6r\u00f6g a zene, a MINI-nek az Istv\u00e1n a kir\u00e1ly lej\u00e1tsz\u00e1s\u00e1hoz m\u00e1r CD-re sincs sz\u00fcks\u00e9ge, velem egy\u00fctt val\u00f3sz\u00edn\u0171leg m\u00e1r k\u00edv\u00fclr\u0151l f\u00fajja az eg\u00e9sz reperto\u00e1rt.<\/p>\n\n\n\n<p>\u201eValakinek holnap le kell tennie v\u00e9g\u00fcl a fegyvert.<br>\u00d3, mondd, te kit v\u00e1lasztan\u00e1l?<br>Valakinek holnap meg kell v\u00e1lni az \u00e9let\u00e9t\u0151l.<br>\u00d3, mondd, te kit v\u00e1lasztan\u00e1l?<\/p>\n\n\n\n<p>Szilvi t\u00f6rt\u00e9net\u00e9t \u2013 aki \u00e9ppen most kezdem\u00e9nyezte egy 7 \u00e9vig saj\u00e1tjak\u00e9nt nevelt \u00e9s szeretett testv\u00e9rp\u00e1r visszaad\u00e1s\u00e1t &#8211; k\u00e9ptelen vagyok kiverni a fejemb\u0151l. Meg sem pr\u00f3b\u00e1lom tagadni: felkavar, falhoz \u00e1ll\u00edt \u00e9s nem ereszt a k\u00e9rd\u00e9s, amit val\u00f3sz\u00edn\u0171leg a legt\u00f6bb nevel\u0151sz\u00fcl\u0151 m\u00e1r \u00e9let\u00e9ben legal\u00e1bb egyszer feltett mag\u00e1nak:<\/p>\n\n\n\n<p>\u00c9s, te kit v\u00e1lasztan\u00e1l?<\/p>\n\n\n\n<p><em>A f\u00e9rjemmel h\u00fasz \u00e9ve alkotunk egy p\u00e1rt \u2013 kezd bele a t\u00f6rt\u00e9net\u00fckbe Szilvi. Mi vagyunk a Mozaik csal\u00e1dok mintap\u00e9ld\u00e1nya! (nevet). K\u00e9t-k\u00e9t saj\u00e1t gyereket hoztunk az \u00faj h\u00e1zass\u00e1gba \u00e9s 15 \u00e9vvel ezel\u0151tt sz\u00fcletett egy k\u00f6z\u00f6s l\u00e1nyunk is. H\u00e9t \u00e9ve azt\u00e1n arra jutottunk, hogy feladjuk a v\u00e1llalkoz\u00e1sunkat \u00e9s kik\u00f6lt\u00f6z\u00fcnk Angli\u00e1ba. Sz\u00f3 szerint az \u00faj \u00e9let kapuj\u00e1b\u00f3l fordultunk vissza; a gyerekeink, b\u00e1r m\u00e1r el\u00e9g nagyok voltak, m\u00e9gsem tudtak megbar\u00e1tkozni a gondolattal, hogy ha csak id\u0151legesen is, de elszakadjunk egym\u00e1st\u00f3l. Gy\u0151z\u00f6tt a sz\u00edv, \u00e9s nek\u00fcnk \u00faj megold\u00e1s ut\u00e1n kellett n\u00e9zn\u00fcnk. Ekkor j\u00f6tt a k\u00e9pbe a nevel\u0151sz\u00fcl\u0151s\u00e9g, mint lehet\u0151s\u00e9g.<\/em><\/p>\n\n\n\n<p><em>2013-ban elv\u00e9gezt\u00fck a FIX k\u00e9pz\u00e9st, majd a 400 \u00f3r\u00e1s tanfolyamot is. Azt gondoltuk, \u00f6t saj\u00e1t gyerek ut\u00e1n sok \u00fajat m\u00e1r nem fognak nek\u00fcnk mondani- nevet \u00fajra, de kihallom az ismer\u0151s \u00f6nir\u00f3ni\u00e1t a szavai k\u00f6z\u00fcl.<\/em><\/p>\n\n\n\n<p><em>Az els\u0151 nevelt gyerek\u00fcnk 2,5 h\u00f3napos kor\u00e1ban ker\u00fclt hozz\u00e1nk. Zolika most m\u00e1r 7 \u00e9ves, \u00e9s a csal\u00e1dunk teljes jog\u00fa tagja, id\u0151k\u00f6zben ugyanis \u00f6r\u00f6kbe fogadtuk.<\/em><\/p>\n\n\n\n<p><em>Mivel 3 f\u00e9r\u0151helyre sz\u00f3lt a m\u0171k\u00f6d\u00e9si enged\u00e9ly\u00fcnk, a k\u00f6vetkez\u0151 megkeres\u00e9sben egy l\u00e1ny testv\u00e9rp\u00e1r elhelyez\u00e9s\u00e9re k\u00e9rtek fel minket. Csak annyit k\u00f6z\u00f6ltek vel\u00fcnk a telefonban, hogy a kicsi 2,5 \u00e9ves, a nagyl\u00e1ny pedig 5,5. Ennyi inform\u00e1ci\u00f3 birtok\u00e1ban kellett azonnal d\u00f6nten\u00fcnk \u00e9s egy \u00f3r\u00e1n bel\u00fcl \u00fatnak indulnunk, hogy elhozzuk a gyerekeket.<\/em><\/p>\n\n\n\n<p><strong>Nagyon extr\u00e9m\u00fcl hangzik.<\/strong><\/p>\n\n\n\n<p><em>Igen, az is volt, de ezek a fajta megkeres\u00e9sek a gyermekv\u00e9delemben mindennaposnak sz\u00e1m\u00edtanak. A legabszurdabb azonban nem is ez a r\u00e9sze volt a helyzetnek, hanem a folytat\u00e1s: a l\u00e1nyok sz\u00f3 n\u00e9lk\u00fcl elj\u00f6ttek vel\u00fcnk. Tot\u00e1l abnorm\u00e1lisnak \u00e9rezt\u00fck a helyzetet \u00e9s v\u00e1rtuk mi is, ahogy te a K\u0151b\u00f6lcs\u0151ben is \u00edrtad, hogy robbanjon a bomba. De n\u00e1lunk nem robbant. Hajni \u00e9s Emese soha nem s\u00edrtak. Nem emlegett\u00e9k se az \u00e9desanyjukat, aki rendszeresen k\u00fclf\u00f6ldre j\u00e1rt dolgozni, se az anyai nagymam\u00e1t, aki ment\u00e1lis zavarokkal k\u00fczd a mai napig \u00e9s, aki anno bevitte \u0151ket a gy\u00e1mhivatalba azzal, hogy k\u00e9ptelen a gondjukat viselni. Remek\u00fcl beilleszkedtek a csal\u00e1dba \u00e9s l\u00e1tsz\u00f3lag j\u00f3l \u00e9rezt\u00e9k magukat.<\/em><\/p>\n\n\n\n<p><strong>Mit \u201ehoztak magukkal\u201d a l\u00e1nyok?<\/strong><\/p>\n\n\n\n<p><em>Az \u00e9desanya \u00e9s a nagymama viszonylag rendszeresen tartotta vel\u00fck a kapcsolatot. Ennek sajnos \u00e9rezt\u00fck a hozad\u00e9k\u00e1t, ugyanis a kicsik ezek ut\u00e1n az alkalmak ut\u00e1n meg voltak l\u0151ve; zaklatottak voltak. A befogad\u00e1s ut\u00e1n n\u00e9h\u00e1ny h\u00e9ttel pszichol\u00f3gushoz is elvittem \u0151ket \u2013rendszeresen, am\u00edg a v\u00edrus ezt el nem lehetetlen\u00edtette-, aki m\u00e1r az els\u0151 alkalommal meg\u00e1llap\u00edtotta, hogy a gyerekek rendszeresen ki voltak t\u00e9ve fizikai \u00e9s pszich\u00e9s b\u00e1ntalmaz\u00e1snak az anya \u00e1ltal. Ez a kiemel\u00e9st k\u00f6vet\u0151en, a kapcsolattart\u00e1sok<\/em> <em>alkalm\u00e1val is folytat\u00f3dott, amir\u0151l napl\u00f3t vezettem \u00e9s rendszeresen jelentettem a gy\u00e1mnak is, de soha nem t\u00f6rt\u00e9nt feljelent\u00e9s az \u00fcgyben. Csak a gy\u00e1mv\u00e1lt\u00e1st k\u00f6vet\u0151en der\u00fclt ki, hogy ezek az inform\u00e1ci\u00f3k el sem jutottak a gy\u00e1mhivatalhoz.<\/em><\/p>\n\n\n\n<p><strong>Ez m\u00e9gis hogy lehet?<\/strong><\/p>\n\n\n\n<p><em>A k\u00e9nyes \u00e9s munkaig\u00e9nyes k\u00e9rd\u00e9seket sokszor elnyeli a rendszer.<\/em><\/p>\n\n\n\n<p><em>A l\u00e1nyok sz\u00e9pen cseperedtek, sz\u0151ke, k\u00e9k szem\u0171ek voltak; m\u00e9g a nagynak, Emes\u00e9nek is lett volna es\u00e9lye az \u00f6r\u00f6kbefogad\u00e1sra. De anyuka mindig r\u00e9sen volt: 5-6 h\u00f3nap eltelt\u00e9vel mindig j\u00f6tt egy semmitmond\u00f3 csomag vagy egy telefonh\u00edv\u00e1s, ami megakasztotta a kerekeket.<\/em><\/p>\n\n\n\n<p><strong>Hogyan teltek a h\u00e9tk\u00f6znapjaitok?<\/strong><\/p>\n\n\n\n<p><em>Abnorm\u00e1lisan nyugodtan. A l\u00e1nyok m\u00e1r az els\u0151 nap, gond n\u00e9lk\u00fcl ott maradtak p\u00e9ld\u00e1ul az oviban. Soha egy szavuk nem volt, ha menni kellett vagy k\u00e9s\u0151bb mentem \u00e9rt\u00fck a megszokottn\u00e1l. S\u0151t ink\u00e1bb az volt a baj, hogy b\u00e1rki idegennel k\u00e9pesek lettek volna elmenni; mindig r\u00e9sen kellett lenn\u00fcnk.<\/em><\/p>\n\n\n\n<p><em>Ahogy a k\u00f6nyvedben is \u00edrtad, \u0151k is \u00e1lland\u00f3an ettek. Nem extr\u00e9m sokat, de \u00e1lland\u00f3an, \u00e9s v\u00e1logat\u00e1s n\u00e9lk\u00fcl, szinte mindent. Ez el\u0151sz\u00f6r nagyon impon\u00e1lt, hogy nem v\u00e1logat\u00f3sak, de azt\u00e1n r\u00e1j\u00f6ttem, hogy ez se norm\u00e1lis.<\/em><\/p>\n\n\n\n<p><strong>Mi vezetett v\u00e9g\u00fcl ahhoz, hogy hivatalosan is k\u00e9rv\u00e9nyezz\u00e9tek a gondoz\u00e1si hely megv\u00e1ltoztat\u00e1s\u00e1t?<\/strong><\/p>\n\n\n\n<p><em>A kapcsolattart\u00e1sok \u00e9s a v\u00e9r szerinti hozz\u00e1tartoz\u00f3k kisded j\u00e1t\u00e9kai vezettek ahhoz, hogy sz\u00e9tzil\u00e1lj\u00e1k ezt a csal\u00e1dot.<\/em><\/p>\n\n\n\n<p><em>Anyuka vil\u00e1g \u00e9let\u00e9ben \u201ekamus\u201d volt; hol j\u00f6tt, hol csak \u00e1ltatta a gyerekeket. Emese (a nagyobbik l\u00e1ny) nagyon akart k\u00f6t\u0151dni hozz\u00e1, \u00edgy azt\u00e1n iszonyatosan megviselte, amikor \u2013el\u00e9g gyakran- anyuka csal\u00f3d\u00e1st okozott neki. A kicsi Hajni pedig \u00fagy pr\u00f3b\u00e1lta racionaliz\u00e1lni a helyzetet, hogy mes\u00e9ket tal\u00e1lt ki az \u00f3vod\u00e1ban p\u00e9ld\u00e1ul, hogy az anyuk\u00e1j\u00e1t el\u00fct\u00f6tte az aut\u00f3, az\u00e9rt nem j\u00f6tt, meg ilyenek. Emese emiatt durv\u00e1n elutas\u00edtotta \u00e9s a k\u00e9t testv\u00e9r k\u00f6z\u00f6tt meg is romlott a viszony. 2016-ban a l\u00e1nyok m\u00e1r 2 \u00e9ve voltak vel\u00fcnk, \u00e9s a helyzet drasztikus roml\u00e1snak indult.<\/em><\/p>\n\n\n\n<p><em>A fel\u00fcgyelet n\u00e9lk\u00fcli kapcsolattart\u00e1sokr\u00f3l a gyerekek f\u00e1radtan \u00e9s kimer\u00fclten \u00e9rkeztek haza. Elmes\u00e9lt\u00e9k, hogy az anyjuk ord\u00edtozott \u00e9s r\u00e1ngatta \u0151ket, vagy befizette \u00e9s ott hagyta \u0151ket a j\u00e1tsz\u00f3h\u00e1zban, am\u00edg \u0151 egy idegen b\u00e1csival elment a k\u00ednaiba enni. Mindent szabad volt csin\u00e1lni, \u00e9s ez impon\u00e1lt nekik m\u00e9g akkor is, ha a retkes f\u00fcrd\u0151k\u00e1dat zoknival kellett bedugni, mert nem volt m\u00e1s.<\/em><\/p>\n\n\n\n<p><em>Egy-egy ilyen l\u00e1togat\u00e1s ut\u00e1n azt\u00e1n persze egyre nehezebb volt visszaterelni \u0151ket a \u201enorm\u00e1lis\u201d ker\u00e9kv\u00e1g\u00e1sba. A csal\u00e1d alapszab\u00e1lyait: az asztaln\u00e1l ev\u00e9st, a rendszeres takar\u00edt\u00e1st, a korl\u00e1tozott k\u00f3lafogyaszt\u00e1st, a tiszteletteljes viselked\u00e9st egym\u00e1s ir\u00e1nt vagy ak\u00e1r a rendszeres tanul\u00e1st Emese egyre nehezebben toler\u00e1lta. A frusztr\u00e1ci\u00f3ja agressz\u00edv d\u00fchkit\u00f6r\u00e9sekben nyilv\u00e1nult meg. A helyzet drasztikus roml\u00e1s\u00e1r\u00f3l tov\u00e1bbra is folyamatosan inform\u00e1ltam a gy\u00e1mot, de semmif\u00e9le foganatja nem volt.<\/em><\/p>\n\n\n\n<p><strong>Megpr\u00f3b\u00e1ltatok az \u00e9desany\u00e1val besz\u00e9lni err\u0151l a probl\u00e9m\u00e1r\u00f3l?<\/strong><\/p>\n\n\n\n<p><em>Igen, de a helyzet el\u00e9gg\u00e9 elm\u00e9rgesedett k\u00f6zt\u00fcnk. Rendszeresen j\u00f6tt \u201es\u00e9r\u00fclten\u201d a kapcsolattart\u00e1sra. L\u00e1tszott, hogy az \u00e9ppen aktu\u00e1lis partnerei nem b\u00e1ntak vele keszty\u0171s k\u00e9zzel. Sokszor j\u00f6tt r\u00e9szegen a gyerekek\u00e9rt \u00e9s m\u00e9g arra se vette a f\u00e1radts\u00e1got, hogy a t\u00e1ska alj\u00e1ra rejtse a pi\u00e1s\u00fcveget. Mindezt jeleztem az illet\u00e9keseknek \u00e9s k\u00e9rtem a kapcsolattart\u00e1sok ritk\u00edt\u00e1s\u00e1t, ami term\u00e9szetesen nem vetett r\u00e1m j\u00f3 f\u00e9nyt, de h\u00e1t ki engedn\u00e9 el nyugodt sz\u00edvvel ilyen helyre b\u00e1rmelyik gyerek\u00e9t is? Onnant\u00f3l kezdve igyekezett al\u00e1\u00e1sni a tekint\u00e9lyemet \u00e9s befeket\u00edteni a gyerekek el\u0151tt; Emes\u00e9n\u00e9l t\u00f6bb, Hajnin\u00e1l kevesebb sikerrel. Igaz\u00e1b\u00f3l soha nem tudtunk egy\u00fcttm\u0171k\u00f6dni, de 2018 december\u00e9ben telt be teljesen a poh\u00e1r, amikor is az anya nem jelezte id\u0151ben, hogy j\u00f6nne l\u00e1togat\u00f3ba annak ellen\u00e9re, hogy a l\u00e1nya sz\u00fclet\u00e9snapja is volt. \u00cdgy azt\u00e1n azon a t\u00e9li sz\u00fcnet el\u0151tti szombaton a gyerekek f\u00e9l napos iskol\u00e1ba mentek. Az anya<\/em> <em>betelefon\u00e1lt a suliba \u00e9s k\u00e9rte, hogy besz\u00e9lhessen a l\u00e1ny\u00e1val, s\u0151t od\u00e1ig ment, hogy egy oszt\u00e1lyt\u00e1rsnak is \u00edrt Messengeren \u00fczenetet \u00e9s megv\u00e1dolt, hogy megakad\u00e1lyoztam a kapcsolattart\u00e1st.<\/em><\/p>\n\n\n\n<p><em>Ezt k\u00f6vet\u0151en janu\u00e1rban \u2013a k\u00f6vetkez\u0151 kapcsolattart\u00e1s sor\u00e1n- mindenki tudta n\u00e9lk\u00fcl elvitte a v\u00e9r szerinti ap\u00e1hoz a gyerekeket, aki otthon \u00fclt \u201el\u00e1bbilincsben\u201d (h\u00e1zi \u0151rizetben, nyomk\u00f6vet\u0151vel a l\u00e1b\u00e1n *szerk).<\/em><\/p>\n\n\n\n<p><em>Innent\u0151l kezdve elszabadult a pokol. Emese magasr\u00f3l tett az iskol\u00e1ra, r\u00e1nk \u00e9s nagyj\u00e1b\u00f3l mindenre; teljesen elvesztette a kontrollt az \u00e9lete felett. F\u00f6l\u00e9nyesen, tiszteletlen\u00fcl viselkedett mindenkivel, rettent\u0151en megkeser\u00edtve \u00e9s megnehez\u00edtve a h\u00e9tk\u00f6znapjainkat.<\/em><\/p>\n\n\n\n<p><em>Hajnit, a saj\u00e1t, v\u00e9r szerinti testv\u00e9r\u00e9t rendszeresen \u00e9s nyilv\u00e1nosan megal\u00e1zta, tettleg b\u00e1ntalmazta \u00e9s kig\u00fanyolta, ami\u00e9rt kitart mellett\u00fcnk.<\/em><\/p>\n\n\n\n<p><em>Az agressz\u00edv, kezelhetetlen d\u00fchkit\u00f6r\u00e9sei kezdetben k\u00e9thavonta jelentkeztek, majd egyre s\u0171r\u0171bben fordultak el\u0151, tavaly tavasszal m\u00e1r \u00fagy k\u00e9tnaponta. Ilyenkor nem volt besz\u00e1m\u00edthat\u00f3, nem lehetett vele kommunik\u00e1lni sem, teljesen kikapcsolt. Az iskol\u00e1ban is t\u00f6bb baj van vele, rendbont\u00f3 az \u00f3r\u00e1n, ha egy\u00e1ltal\u00e1n bemegy. A koronav\u00edrus miatt nem kaptunk id\u0151pontot a nevel\u00e9si tan\u00e1csad\u00f3ba. Felh\u00edvtam a pszichi\u00e1triai klinik\u00e1t \u00e9s az \u0151 javaslatukra, saj\u00e1t k\u00f6lts\u00e9gen, hetente hordtuk pszichol\u00f3gushoz. Nem sokat seg\u00edtett.<\/em><\/p>\n\n\n\n<p><em>A helyzet annyira elfajult, hogy az utols\u00f3 nagyjelenet\u00e9n\u00e9l m\u00e1r ment\u0151t kellett h\u00edvnunk, mert \u00f6nmag\u00e1ra \u00e9s a testv\u00e9r\u00e9re is vesz\u00e9lyt jelentett. F\u00f6ldh\u00f6z v\u00e1gta a kicsit, majd a saj\u00e1t mag\u00e1t is a falhoz csapdosta \u00e9s folyamatosan \u00f6ns\u00e9rt\u0151 magatart\u00e1ssal fenyeget\u0151z\u00f6tt. Besz\u00e1ll\u00edtott\u00e1k a pszichi\u00e1tri\u00e1ra, ahol p\u00e9ld\u00e1san viselkedett. \u00c9lvezte, hogy mindenki vele foglalkozik, olyan volt neki, mint egy nyaral\u00e1s.<\/em><\/p>\n\n\n\n<p><strong>Hogyan \u00e9lte meg mindezt a csal\u00e1dod, a gyerekeid?<\/strong><\/p>\n\n\n\n<p><em>El\u00e9rt\u00fck azt a hat\u00e1rt, ahol m\u00e1r magunkat kellett v\u00e9denem. Ott volt a serd\u00fcl\u0151, v\u00e9r szerinti l\u00e1nyom, illetve az \u00f6r\u00f6kbe fogadott kisfiam, akik el\u0151bb-ut\u00f3bb fel fogj\u00e1k tenni a k\u00e9rd\u00e9st, hogy, ha Emes\u00e9nek nem kell mondjuk tanulni, vagy takar\u00edtani, akkor nekik mi\u00e9rt? \u00c9s, ha \u0151k is leverik a hisztit, akkor felment\u00e9st kapnak mondjuk a mosogat\u00e1s al\u00f3l? \u00c9s mit mondhat erre az ember?<\/em><\/p>\n\n\n\n<p><em>N\u00e9gy gyereket nevelt\u00fcnk m\u00e1r fel tisztess\u00e9ggel, akik gond n\u00e9lk\u00fcl meg\u00e1llj\u00e1k a hely\u00fcket a saj\u00e1t l\u00e1bukon, mert megtanult\u00e1k, megtan\u00edtottuk nekik, hogyan tegy\u00e9k. Ezt a mint\u00e1t akartuk k\u00f6vetni, de Emese nem volt r\u00e1 fog\u00e9kony. Ha hagyjuk, hogy eg\u00e9sz nap n\u00e9zze a tabletet, ha csak \u201etartani\u201d akarn\u00e1nk, nem nevelni, nem is lenne vele semmi gond. De mi nem \u00edgy akarunk \u00e9lni, enn\u00e9l t\u00f6bbet akarunk adni a gyerekeinknek; ak\u00e1r saj\u00e1t, ak\u00e1r nevelt.<\/em><\/p>\n\n\n\n<p><em>B\u00e1ntja az igazs\u00e1g\u00e9rzet\u00fcnket \u00e9s felem\u00e9szt minket a sok h\u00e9tk\u00f6znapi kis apr\u00f3s\u00e1g.<\/em><\/p>\n\n\n\n<p><strong>Mondan\u00e1l egy konkr\u00e9t p\u00e9ld\u00e1t?<\/strong><\/p>\n\n\n\n<p><em>P\u00e9ld\u00e1ul az, hogy hi\u00e1ba nem \u00e9hes, nekiesik a marad\u00e9k \u00e9telnek csak az\u00e9rt, hogy nehogy a testv\u00e9re egye meg j\u00f3 \u00e9tv\u00e1ggyal. \u00c9s mindezt nem is pr\u00f3b\u00e1lja meg titkolni, \u00fagy n\u00e9z r\u00e1nk, olyan provokat\u00edvan \u00e9s felleng\u0151sen, mintha az alattval\u00f3i lenn\u00e9nk. A csal\u00e1db\u00f3l a f\u00e9rjemhez \u00e1ll a legk\u00f6zelebb \u00e9s ny\u00edltan igyekszik \u0151t kisaj\u00e1t\u00edtani \u00e9s a t\u00f6bbi gyerek tudt\u00e1ra adni, hogy \u201eapa velem van\u201d. A piszkos, ut\u00e1latos kis d\u00f6g \u00e9nje \u00e9s a manipulat\u00edv j\u00e1t\u00e9kai egyszer\u0171en m\u00e1r elviselhetetlenek sz\u00e1munkra.<\/em><\/p>\n\n\n\n<p><strong>Kinek jelezt\u00e9tek a probl\u00e9m\u00e1t \u00e9s milyen seg\u00edts\u00e9get kaptatok?<\/strong><\/p>\n\n\n\n<p><em>A vil\u00e1gon mindenkinek, akinek csak lehetett, de \u00e9rdemi seg\u00edts\u00e9get senkit\u0151l nem kaptunk. A helyzetet nehez\u00edti, hogy \u00faj gy\u00e1munk \u00e9s \u00faj fenntart\u00f3nk van, akik nem igaz\u00e1n ismerik se a gyerekeket, se a t\u00f6rt\u00e9net\u00fcket.<\/em><\/p>\n\n\n\n<p><em>Mindez ahhoz vezetett, hogy hivatalosan, \u00edr\u00e1sban is k\u00e9rtem Emese gondoz\u00e1si hely\u00e9nek megv\u00e1ltoztat\u00e1s\u00e1t. Az illet\u00e9kes gyermekv\u00e9delmi szakszolg\u00e1lat pszichol\u00f3gusa megvizsg\u00e1ltat a l\u00e1nyokat \u00e9s egyet\u00e9rtett abban, hogy b\u00e1r testv\u00e9rek, eset\u00fckben a k\u00fcl\u00f6n elhelyez\u00e9s javasolt, indokolt \u00e9s sz\u00fcks\u00e9ges. Ezzel mi is egyet\u00e9rtett\u00fcnk, hiszen a kisebbel: Hajnival nem voltak ilyen gondok \u00e9s mindk\u00e9t testv\u00e9r egyet\u00e9rtett abban, hogy nem akarnak tov\u00e1bb egy fed\u00e9l alatt \u00e9lni.<\/em><\/p>\n\n\n\n<p><em>Ennek ellen\u00e9re a gy\u00e1mhivatal nem fogadta el a szak\u00e9rt\u0151i bizotts\u00e1gi javaslatot \u00e9s mindk\u00e9t gyerek gondoz\u00e1si hely\u00e9nek megv\u00e1ltoztat\u00e1s\u00e1r\u00f3l hozott hat\u00e1rozatot.<\/em><\/p>\n\n\n\n<p><strong>Hol tart most az \u00fcgy?<\/strong><\/p>\n\n\n\n<p><em>Emese m\u00e1r bet\u00f6lt\u00f6tte a 12. \u00e9let\u00e9v\u00e9t, de Hajni m\u00e9g csak 9, \u00edgy elvileg nevel\u0151sz\u00fcl\u0151n\u00e9l kellene \u0151ket egy\u00fctt elhelyezni. Mindezt annak ellen\u00e9re, hogy Emese \u00e9s a v\u00e9r szerinti hozz\u00e1tartoz\u00f3i minden csal\u00e1dot megbontanak. Ez t\u00e9ny. Mivel a gy\u00e1mhivatal nem hajland\u00f3 figyelembe venni sem saj\u00e1tos k\u00f6r\u00fclm\u00e9nyeket, sem a szak\u00e9rt\u0151i bizotts\u00e1gi v\u00e9lem\u00e9nyt \u00e9s elv\u00e1lasztani egym\u00e1st\u00f3l a testv\u00e9reket (ami jelen esetben azt jelenten\u00e9, hogy Hajni maradna n\u00e1lunk \u00e9s csak Emese ker\u00fclne \u00faj helyre), h\u00f3napok \u00f3ta csak t\u0171r\u00fcnk \u00e9s v\u00e1runk. Sajnos az az \u00e9rz\u00e9s\u00fcnk, hogy a v\u00e9g\u00e9rv\u00e9nyes d\u00f6nt\u00e9s\u00fcnk ellen\u00e9re kihaszn\u00e1lj\u00e1k az \u00e9rzelmeinket. M\u00e1r n\u00e9gy h\u00f3napja tart ez az \u00e1llapot, ami senkinek se j\u00f3 \u00e9s m\u00e9g mindig nem l\u00e1tjuk sem a v\u00e9g\u00e9t, sem a megold\u00e1sra ir\u00e1nyul\u00f3 er\u0151fesz\u00edt\u00e9seket..<\/em><\/p>\n\n\n\n<p><strong>Mi lehet a probl\u00e9ma?<\/strong><\/p>\n\n\n\n<p><em>T\u00f6bbek k\u00f6z\u00f6tt az, hogy nincsen nevel\u0151sz\u00fcl\u0151, aki mag\u00e1hoz venn\u00e9 a l\u00e1nyokat. A h\u00e1l\u00f3zatban mindenki ismeri \u0151ket \u00e9s esz\u00fck \u00e1g\u00e1ban sincs ezt bev\u00e1llalni; mindemellett nagyon messzire se vihetik \u0151ket, hiszen akkor csorbulnak a v\u00e9r szerinti sz\u00fcl\u0151 kapcsolattart\u00e1shoz val\u00f3 jogai.<\/em><\/p>\n\n\n\n<p><strong>\u00c9s ti, hogy \u00e9litek meg ezt a hercehurc\u00e1t?<\/strong><\/p>\n\n\n\n<p><em>K\u00e9sz\u00fcl\u00fcnk \u00e9s igyeksz\u00fcnk felk\u00e9sz\u00edteni \u0151ket is a v\u00e1ltoz\u00e1sra. Egy-egy jobb percben azt\u00e1n felmer\u00fcl benn\u00fcnk a k\u00e9rd\u00e9s, hogy nem kapkodtuk-e el a d\u00f6nt\u00e9st, ami m\u00e1r \u00e9vek \u00f3ta \u00e9rlel\u0151d\u00f6tt benn\u00fcnk. Holott a lelk\u00fcnk m\u00e9ly\u00e9n tudjuk, hogy ez a j\u00f3 d\u00f6nt\u00e9s.<\/em><\/p>\n\n\n\n<p><em>Lehet\u0151s\u00e9g\u00fcnk lenne arra, hogy k\u00e9rj\u00fck az azonnali kiemel\u00e9st, de akkor beker\u00fcln\u00e9nek a gy\u0171jt\u0151be. H\u00e1t akkor most m\u00e9g mi is r\u00fagjunk egyet bel\u00e9j\u00fck, amikor h\u00e9t \u00e9ven kereszt\u00fcl csak a legjobbat akartuk nekik? Akkor ink\u00e1bb beled\u00f6gl\u00fcnk, de kiv\u00e1rjuk, am\u00edg tal\u00e1lnak nekik valakit, \u00e9s val\u00f3sz\u00edn\u0171leg bele is fogunk d\u00f6gleni, de ez senkit nem \u00e9rdekelt eddig sem \u00e9s ezut\u00e1n sem fog.<\/em><\/p>\n\n\n\n<p><em>Emese mintha nem \u00e9rten\u00e9, nem \u00e9rdekeln\u00e9, hogy mit tartogat sz\u00e1m\u00e1ra a j\u00f6v\u0151; \u00e1lomvil\u00e1gban \u00e9l. Semmi \u00f6nbecs\u00fcl\u00e9se nincs, holott minden\u00e9t odaadn\u00e1 egy mosoly\u00e9rt, \u00e9s \u0151r\u00fclt m\u00f3don v\u00e1gyik arra is, hogy szeress\u00e9k. Jobban mondva, hogy az szeresse, akinek kellene, de aki sose fogja igaz\u00e1n; \u00e9s ezen \u00e9n\/mi ha megfesz\u00fcl\u00fcnk, se tudunk v\u00e1ltoztatni, csak t\u00f6nkremenni benne.<\/em><\/p>\n\n\n\n<p><strong>\u00c9s Hajni? Hiszen \u0151 j\u00f3l \u00e9rzi mag\u00e1t, szeretn\u00e9tek megtartani \u00e9s \u0151 is szeretne veletek maradni.<\/strong><\/p>\n\n\n\n<p><em>Ez tal\u00e1n a legf\u00e1jdalmasabb r\u00e9sze az eg\u00e9sznek. Hogy, amikor elmondtuk neki, hogy val\u00f3sz\u00edn\u0171leg neki is mennie kell, abba mi majdnem belehaltunk, de \u0151t l\u00e1tsz\u00f3lag egy kicsit sem r\u00e1zta meg.<\/em><\/p>\n\n\n\n<p><strong>Most, hogy \u00edgy \u00f6sszeszedted \u00e9s megosztottad a gondolataidat, mi j\u00e1r m\u00e9g a fejedben?<\/strong><\/p>\n\n\n\n<p><em>P\u00e9ld\u00e1ul az, hogy vil\u00e1g \u00e9letemben \u00fagy \u00e1lltam a dolgokhoz, hogy vagy rendesen csin\u00e1lok valamit, vagy sehogy. \u00c9s Emes\u00e9vel ez nem m\u0171k\u00f6dik, \u00e9n pedig k\u00e9ptelen vagyok be\u00e9rni azzal, hogy csak \u201etartom\u201d, de nem nevelem.<\/em><\/p>\n\n\n\n<p><em>Mindemellett iszonyatos nagy lelkiismeret-furdal\u00e1s is gy\u00f6t\u00f6r, hiszen ha Hajni is elmegy, az Zolik\u00e1nak, az \u00f6r\u00f6kbe fogadott fiunknak \u00f3ri\u00e1si t\u00f6r\u00e9s lesz az \u00e9let\u00e9ben.<\/em><\/p>\n\n\n\n<p><em>Ezen fel\u00fcl pedig m\u00e1r r\u00e9g\u00f3ta bennem van a f\u00e9lsz is, hogy egy nap m\u00e9rg\u00e9ben megv\u00e1dol valami hazugs\u00e1ggal. Az anyja rendszeresen adja al\u00e1 a lovat \u00e9s a t\u00f6bbi, lak\u00e1sotthonban lak\u00f3, \u00e1llami gondozott\u00f3l is kap tippeket, hogy mivel lehet a nevel\u0151sz\u00fcl\u0151ket sakkban tartani vagy megzsarolni<\/em>. <em>Sokszor el\u0151fordult m\u00e1r ilyen, a nevel\u0151sz\u00fcl\u0151k tudn\u00e1nak mes\u00e9lni r\u00f3la. Ebben az esetben pedig ember nincs, aki ki\u00e1llna mellett\u00fcnk, hiszen a gyerek mindig igazat mond. M\u00e9g akkor is, ha nem.<\/em><\/p>\n\n\n\n<p><em>MI befejezt\u00fck.<\/em><\/p>\n","protected":false},"excerpt":{"rendered":"<p>Hazafel\u00e9 tartok. A kocsiban d\u00fcb\u00f6r\u00f6g a zene, a MINI-nek az Istv\u00e1n a kir\u00e1ly lej\u00e1tsz\u00e1s\u00e1hoz m\u00e1r CD-re sincs sz\u00fcks\u00e9ge, velem egy\u00fctt val\u00f3sz\u00edn\u0171leg m\u00e1r k\u00edv\u00fclr\u0151l f\u00fajja az eg\u00e9sz reperto\u00e1rt. \u201eValakinek holnap le kell tennie v\u00e9g\u00fcl a fegyvert.\u00d3, mondd, te kit v\u00e1lasztan\u00e1l?Valakinek holnap meg kell v\u00e1lni az \u00e9let\u00e9t\u0151l.\u00d3, mondd, te kit v\u00e1lasztan\u00e1l? Szilvi t\u00f6rt\u00e9net\u00e9t \u2013 aki \u00e9ppen most &hellip; <a href=\"https:\/\/kobolcso.hu\/?page_id=203\" class=\"more-link\"><span class=\"screen-reader-text\">Te kit v\u00e1lasztan\u00e1l?<\/span> r\u00e9szletei&#8230;<\/a><\/p>\n","protected":false},"author":1,"featured_media":0,"parent":0,"menu_order":0,"comment_status":"closed","ping_status":"closed","template":"","meta":{"footnotes":""},"class_list":["post-203","page","type-page","status-publish","hentry"],"_links":{"self":[{"href":"https:\/\/kobolcso.hu\/index.php?rest_route=\/wp\/v2\/pages\/203","targetHints":{"allow":["GET"]}}],"collection":[{"href":"https:\/\/kobolcso.hu\/index.php?rest_route=\/wp\/v2\/pages"}],"about":[{"href":"https:\/\/kobolcso.hu\/index.php?rest_route=\/wp\/v2\/types\/page"}],"author":[{"embeddable":true,"href":"https:\/\/kobolcso.hu\/index.php?rest_route=\/wp\/v2\/users\/1"}],"replies":[{"embeddable":true,"href":"https:\/\/kobolcso.hu\/index.php?rest_route=%2Fwp%2Fv2%2Fcomments&post=203"}],"version-history":[{"count":3,"href":"https:\/\/kobolcso.hu\/index.php?rest_route=\/wp\/v2\/pages\/203\/revisions"}],"predecessor-version":[{"id":208,"href":"https:\/\/kobolcso.hu\/index.php?rest_route=\/wp\/v2\/pages\/203\/revisions\/208"}],"wp:attachment":[{"href":"https:\/\/kobolcso.hu\/index.php?rest_route=%2Fwp%2Fv2%2Fmedia&parent=203"}],"curies":[{"name":"wp","href":"https:\/\/api.w.org\/{rel}","templated":true}]}}