{"id":266,"date":"2021-05-11T15:39:01","date_gmt":"2021-05-11T15:39:01","guid":{"rendered":"http:\/\/kobolcso.hu\/?page_id=266"},"modified":"2021-05-11T16:05:05","modified_gmt":"2021-05-11T16:05:05","slug":"almodik-a-nyomor","status":"publish","type":"page","link":"https:\/\/kobolcso.hu\/?page_id=266","title":{"rendered":"\u00c1lmodik a nyomor"},"content":{"rendered":"\n<div class=\"wp-block-image\"><figure class=\"aligncenter size-large is-resized\"><img loading=\"lazy\" decoding=\"async\" src=\"http:\/\/kobolcso.hu\/wp-content\/uploads\/2021\/05\/riportkep_vegso-761x1024.jpg\" alt=\"\" class=\"wp-image-270\" width=\"387\" height=\"520\" srcset=\"https:\/\/kobolcso.hu\/wp-content\/uploads\/2021\/05\/riportkep_vegso-761x1024.jpg 761w, https:\/\/kobolcso.hu\/wp-content\/uploads\/2021\/05\/riportkep_vegso-223x300.jpg 223w, https:\/\/kobolcso.hu\/wp-content\/uploads\/2021\/05\/riportkep_vegso-768x1033.jpg 768w, https:\/\/kobolcso.hu\/wp-content\/uploads\/2021\/05\/riportkep_vegso-1142x1536.jpg 1142w, https:\/\/kobolcso.hu\/wp-content\/uploads\/2021\/05\/riportkep_vegso-1522x2048.jpg 1522w, https:\/\/kobolcso.hu\/wp-content\/uploads\/2021\/05\/riportkep_vegso.jpg 1783w\" sizes=\"auto, (max-width: 387px) 100vw, 387px\" \/><\/figure><\/div>\n\n\n\n<p><em>\u00c9va 3 \u00e9ve dolgozik nevel\u0151sz\u00fcl\u0151k\u00e9nt Angli\u00e1ban. Egy angliai magyar oldalon figyeltem fel a vele k\u00e9sz\u00fclt interj\u00fara \u00e9s azonnal tudtam, hogy mindaz, amit elmondott, meg\u00e9r m\u00e9g egy mis\u00e9t.<\/em><\/p>\n\n\n\n<p><em>L\u00e1bakat a kispuffra, \u00e1llakat felk\u00f6tni, k\u00e1v\u00e9\/cigi legyen k\u00e9zn\u00e9l\u2026 indulunk Meseorsz\u00e1gba!<\/em><\/p>\n\n\n\n<p>10 \u00e9ve hagytuk el Magyarorsz\u00e1got a f\u00e9rjemmel. A g\u00f3lya is viszonylag k\u00e9s\u0151n kopogtatott a csal\u00e1dunkba, de az az igazs\u00e1g, hogy alapvet\u0151en sosem tartottam igaz\u00e1n alkalmasnak magam kiz\u00e1r\u00f3lag a h\u00e1ziasszonykod\u00e1sra \u00e9s a gyereknevel\u00e9sre. N\u00e1lunk p\u00e9ld\u00e1ul a f\u00e9rjem maradt otthon a kicsikkel, amikor \u00e9n nem sokkal a sz\u00fcl\u00e9s ut\u00e1n visszamentem dolgozni. Ennek egyr\u00e9szt anyagi okai voltak, m\u00e1sr\u00e9szt nek\u00fcnk, mint csal\u00e1dnak egyszer\u0171en \u00edgy volt praktikus. Amikor a gyerekek elkezdt\u00e9k itt Angli\u00e1ban az \u00f3vod\u00e1t, nagyon r\u00e1csod\u00e1lkoztam erre a magyarorsz\u00e1git\u00f3l olyan nagyon k\u00fcl\u00f6nb\u00f6z\u0151 rendszerre. Rettent\u0151en megtetszett \u00e9s egy\u00fattal \u00e9rdekelni is kezdett a gyermekgondoz\u00e1s, mint hivat\u00e1s, olyannyira, hogy v\u00e9g\u00fcl elv\u00e9geztem az \u00f3v\u00f3n\u0151i tanfolyamot \u00e9s azonnal el is tudtam helyezkedni a gyermekeim \u00f3vod\u00e1j\u00e1ban, ahol azt\u00e1n \u00e9vekig dolgoztam.<\/p>\n\n\n\n<p><strong>\u00c9s hogyan lett\u00e9l \u00f3v\u00f3n\u0151b\u0151l nevel\u0151sz\u00fcl\u0151?<\/strong><\/p>\n\n\n\n<p>Ez a sors keze volt. Az \u00f3voda, ahol dolgoztam, igazi \u201emultikulti\u201d int\u00e9zm\u00e9ny; ink\u00e1bb azt mondan\u00e1m, hogy az \u00e1tlagos \u00e9s a szeg\u00e9nyebb csal\u00e1dok gyerekei j\u00e1rnak oda. Itt tal\u00e1lkoztam el\u0151sz\u00f6r \u201efoster gyerekekkel\u201d (\u00e1llami gondoz\u00e1sba vett \u00e9s nevel\u0151sz\u00fcl\u0151n\u00e9l nevelked\u0151 gyerekek *szerk.). Volt egy kicsi, aki annyira a sz\u00edvemhez n\u0151tt, hogy legsz\u00edvesebben hazavittem volna. Ekkor mer\u00fclt fel bennem az \u00f6tlet, hogy nevel\u0151sz\u00fcl\u0151 legyek. Persze mindez itthon megbesz\u00e9l\u00e9s t\u00e1rgy\u00e1t k\u00e9pezte, \u00e9s mikor mindenki r\u00e1b\u00f3lintott, beadtam a jelentkez\u00e9st.<\/p>\n\n\n\n<p><strong>Mes\u00e9lj arr\u00f3l, hogy milyen felt\u00e9teleknek kell megfelelni, ha valaki Angli\u00e1ban szeretne nevel\u0151sz\u00fcl\u0151 lenni!<\/strong><\/p>\n\n\n\n<p>B\u00e1rki sz\u00e1m\u00e1ra nyitott ez a lehet\u0151s\u00e9g nemt\u0151l, kort\u00f3l, v\u00e9gzetts\u00e9gt\u0151l f\u00fcggetlen\u00fcl, \u00e9s term\u00e9szetesen az sem kiz\u00e1r\u00f3 ok, ha valaki k\u00fclf\u00f6ldi \u00e1llampolg\u00e1r. Nyilv\u00e1n ez ut\u00f3bbi esetben elv\u00e1r\u00e1s, hogy besz\u00e9ljen angolul.<\/p>\n\n\n\n<p><strong>Hogyan zajlik a felv\u00e9teli proced\u00fara a jelentkez\u00e9st\u0151l az enged\u00e9ly k\u00e9zhezv\u00e9tel\u00e9ig?<\/strong><\/p>\n\n\n\n<p>A jelentkez\u00e9st k\u00f6vet\u0151en elh\u00edvtak minket a f\u00e9rjemmel \u00e9s n\u00e9h\u00e1ny \u00faj jelentkez\u0151vel, egy k\u00f6tetlen besz\u00e9lget\u00e9sre \u00e9s k\u00e1v\u00e9zni, ahol t\u00f6bb, m\u00e1r gyakorlott nevel\u0151sz\u00fcl\u0151vel besz\u00e9lgett\u00fcnk mag\u00e1r\u00f3l a hivat\u00e1sr\u00f3l. Ez volt az els\u0151 k\u00f6r. Aki ezek ut\u00e1n is \u00fagy gondolta, hogy fent tartja a jelentkez\u00e9si sz\u00e1nd\u00e9k\u00e1t, arra egy 6 hetes intenz\u00edv tanfolyam v\u00e1rt.<\/p>\n\n\n\n<p>Hat h\u00e9ten kereszt\u00fcl, heti 2&#215;2 \u00f3r\u00e1ban besz\u00e9lgett\u00fcnk m\u00e1r hossz\u00fa \u00e9vek \u00f3ta praktiz\u00e1l\u00f3 \u00e9s nagy szakmai tapasztalattal rendelkez\u0151 nevel\u0151sz\u00fcl\u0151kkel a r\u00e1nk v\u00e1r\u00f3 feladatokr\u00f3l. Rengeteg hull\u00e1mv\u00f6lgy\u00f6n ment\u00fcnk kereszt\u00fcl, mert nem volt se kertel\u00e9s, se k\u00edm\u00e9let; mindenki ny\u00edltan besz\u00e9lt, nem pr\u00f3b\u00e1lt\u00e1k meg sz\u00e9p\u00edteni vagy idealiz\u00e1lni a dolgokat. T\u00f6bben visszavonul\u00f3t is f\u00fajtak \u00e9s mi is j\u00f3 p\u00e1rszor elgondolkodtunk azon, hogy hagyjuk a csud\u00e1ba az eg\u00e9szet, de azt\u00e1n m\u00e9gis v\u00e9gigcsin\u00e1ltuk.<\/p>\n\n\n\n<p><strong>Mi k\u00f6vetkezett ezut\u00e1n?<\/strong><\/p>\n\n\n\n<p>Miut\u00e1n a hat h\u00e9t eltelt\u00e9vel a folytat\u00e1s mellett tett\u00fck le a voksunkat, j\u00f6tt az \u00e1tvil\u00e1g\u00edt\u00e1s.<\/p>\n\n\n\n<p><strong>Nem t\u00fal er\u0151s kifejez\u00e9s ez az \u201e\u00e1tvil\u00e1g\u00edt\u00e1s\u201d?<\/strong><\/p>\n\n\n\n<p>Elmes\u00e9lem, mit takar, azt\u00e1n d\u00f6ntsd el te, hogy az-e. Egy szoci\u00e1lis munk\u00e1s j\u00e1rt ki heti rendszeress\u00e9ggel hozz\u00e1nk 6 h\u00f3napon kereszt\u00fcl. Semmi m\u00e1st nem csin\u00e1ltunk, csak besz\u00e9lgett\u00fcnk vele, \u0151 meg egyszer\u0171en csak jegyzetelt.<\/p>\n\n\n\n<p><strong>Besz\u00e9lgett\u00fcnk? \u00cdgy t\u00f6bbes sz\u00e1mban?<\/strong><\/p>\n\n\n\n<p>Igen. A vizsg\u00e1lat nemcsak r\u00e1m, mint leend\u0151 nevel\u0151sz\u00fcl\u0151re terjedt ki, hanem sz\u00f3 szerint az eg\u00e9sz csal\u00e1dra, s\u0151t, m\u00e9g azon is t\u00fal; \u00e9s mindez elk\u00e9peszt\u0151en intim m\u00e9lys\u00e9gekben. Besz\u00e9ln\u00fcnk kellett a h\u00e1zass\u00e1gunkr\u00f3l (k\u00fcl\u00f6n \u00e9s egy\u00fctt is), a kor\u00e1bbi p\u00e1rkapcsolatainkr\u00f3l, a gyermekkorunkr\u00f3l, csal\u00e1dunkr\u00f3l, a probl\u00e9m\u00e1inkr\u00f3l, a traum\u00e1inkr\u00f3l, a halottainkr\u00f3l, a munk\u00e1nkr\u00f3l; sokszor olyan dolgokr\u00f3l, amikr\u0151l mi egym\u00e1ssal sem besz\u00e9lt\u00fcnk a f\u00e9rjemmel.&nbsp; Felh\u00edvt\u00e1k az el\u0151z\u0151 munkahelyeinket, a volt p\u00e1runkat, bar\u00e1tokat, csal\u00e1dtagokat. V\u00e9lem\u00e9nyt k\u00e9rtek a gyerekeink iskol\u00e1j\u00e1b\u00f3l, szomsz\u00e9dokt\u00f3l. Term\u00e9szetesen az anyagi helyzet\u00fcnk is g\u00f3rcs\u0151 al\u00e1 ker\u00fclt, valamint azt is megvizsg\u00e1lt\u00e1k, hogy b\u00fcntetlen el\u0151\u00e9let\u0171ek vagyunk-e. K\u00fcl\u00f6n-k\u00fcl\u00f6n besz\u00e9ltek a gyerekeinkkel. Itt kiemeln\u00e9m, hogyha b\u00e1rmelyik v\u00e9r szerinti gyerekem azt mondta volna, hogy nem szeretn\u00e9, vagy ellen\u00e9rz\u00e9se van a dologgal kapcsolatosan, akkor azonnal le\u00e1ll\u00edtott\u00e1k volna a proced\u00far\u00e1t \u00e9s nem folytathattuk volna. Majd minderr\u0151l \u2013azaz r\u00f3lunk- egy t\u00f6bb ujjnyi vastag szakv\u00e9lem\u00e9nyt, jellemz\u00e9st \u00edrtak.<\/p>\n\n\n\n<p><strong>Azt hiszem, igazad van, t\u00e9nyleg nem volt elt\u00falzott az \u00e1tvil\u00e1g\u00edt\u00e1s kifejez\u00e9s. Azzal tiszt\u00e1ban voltatok, hogy mi volt ennek a m\u00e9lyrehat\u00f3 vizsg\u00e1latnak a c\u00e9lja?<\/strong><\/p>\n\n\n\n<p>Persze! Els\u0151sorban a ment\u00e1lis betegeket, a szenved\u00e9lybetegeket \u00e9s a magunkkal hozott nevel\u00e9si norm\u00e1kat, sz\u00e9ls\u0151s\u00e9ges vil\u00e1gl\u00e1t\u00e1st akarj\u00e1k ezzel az alapos vizsg\u00e1lattal kisz\u0171rni.<\/p>\n\n\n\n<p><strong>\u00c9s mi a helyzet a nyer\u00e9szked\u0151kkel?<\/strong><\/p>\n\n\n\n<p>Ezt a k\u00e9rd\u00e9st nyugodtan t\u00f6r\u00f6lheted; itt fel sem mer\u00fcl senkiben, hogy ezt csak \u00e9s kiz\u00e1r\u00f3lag p\u00e9nz\u00e9rt csin\u00e1lja b\u00e1rki is.<\/p>\n\n\n\n<p><strong>A szexu\u00e1lis orient\u00e1lts\u00e1g ma Magyarorsz\u00e1gon egy kardin\u00e1lis \u00e9s nagyon megoszt\u00f3 k\u00e9rd\u00e9s a gyermeknevel\u00e9s- \u00f6r\u00f6kbefogad\u00e1s- csal\u00e1d t\u00e9m\u00e1ban. Hogyan m\u0171k\u00f6dik ez n\u00e1latok?<\/strong><\/p>\n\n\n\n<p>(nevet) Na, ez meg itt azt\u00e1n t\u00e9nyleg nem t\u00e9ma; semmif\u00e9le jelent\u0151s\u00e9ge nincs. Teljesen mag\u00e1t\u00f3l \u00e9rtet\u0151d\u0151 \u00e9s elfogadott minden LMBTQ szem\u00e9ly, ak\u00e1r \u00f6r\u00f6kbefogad\u00f3nak, ak\u00e1r nevel\u0151sz\u00fcl\u0151nek, ak\u00e1r p\u00e9nzt\u00e1rosnak jelentkezik. Kb. annyi jelent\u0151s\u00e9ge van, mint annak, hogy valaki sz\u0151ke, barna vagy fekete haj\u00fa; sz\u00f3val semennyi. \u00c9n ismerek olyan nevel\u0151sz\u00fcl\u0151t, aki fi\u00fab\u00f3l lett l\u00e1ny, vagy ford\u00edtva. \u00c9s van sok azonos nem\u0171 p\u00e1r is, mind nagyon sz\u00e9pen nevelik a gyerekeket m\u00e1r hossz\u00fa id\u0151 \u00f3ta. A testv\u00e9rp\u00e1r, akiket nevel\u00fcnk, \u00e9pp \u00f6r\u00f6kbead\u00e1s el\u0151tt \u00e1ll \u00e9s k\u00e9t f\u00e9rfi a leend\u0151 \u00f6r\u00f6kbefogad\u00f3 h\u00e1zasp\u00e1r.<\/p>\n\n\n\n<p><strong>Miut\u00e1n alaposan kives\u00e9ztek benneteket, milyen enged\u00e9lyt kaptatok?<\/strong><\/p>\n\n\n\n<p>A szakv\u00e9lem\u00e9nyt egy bizotts\u00e1g hagyja j\u00f3v\u00e1, ami els\u0151 alkalommal egy \u00e9vre adja meg a m\u0171k\u00f6d\u00e9si enged\u00e9lyt. Ezt azt\u00e1n egy \u00e9v m\u00falva ism\u00e9t meg kell hosszabb\u00edtani, majd ezt k\u00f6vet\u0151en m\u00e1r 3 \u00e9v id\u0151tartamra ker\u00fcl meg\u00e1llap\u00edt\u00e1sra az alkalmass\u00e1g.<\/p>\n\n\n\n<p><strong>Milyen kor\u00fa gyermekek fogad\u00e1s\u00e1t v\u00e1llalt\u00e1tok?<\/strong><\/p>\n\n\n\n<p>Mi 0-6 \u00e9ves korig v\u00e1llalunk gyerekeket. Egy szabad szob\u00e1nk van, ami el\u00e9g nagy 2 gyermek elhelyez\u00e9s\u00e9hez, de mivel a t\u00f6rv\u00e9ny lehet\u0151v\u00e9 teszi, hogy 2 \u00e9ves korig egy csecsem\u0151 elhelyezhet\u0151 a sz\u00fcl\u0151k szob\u00e1j\u00e1ban is, \u00edgy mi az indul\u00e1s ut\u00e1n r\u00f6viddel m\u00e1r 3 kicsivel gyarapodtunk: egy csecsem\u0151vel a h\u00e1l\u00f3szob\u00e1nkban \u00e9s egy testv\u00e9rp\u00e1rral.<\/p>\n\n\n\n<p><strong>Vannak m\u00e1s, speci\u00e1lis szab\u00e1lyok is a nevel\u0151sz\u00fcl\u0151 &#8211; gyerek kontextusra vonatkoz\u00f3lag?<\/strong><\/p>\n\n\n\n<p>Csak annyi, hogy a nevelt gyerek minimum 2 \u00e9vvel fiatalabb kell, hogy legyen, mint a saj\u00e1t, legkisebb gyermek\u00fcnk. M\u00e1s egy\u00e9b nem nagyon van. Szabad a munkav\u00e1llal\u00e1s, a nevel\u0151sz\u00fcl\u0151 szabadon dolgozhat ott \u00e9s annyit, amennyit akar, illetve tud.<\/p>\n\n\n\n<p><strong>Milyen k\u00f6telezetts\u00e9gei vannak a nevel\u0151sz\u00fcl\u0151nek a hivatalok fel\u00e9?<\/strong><\/p>\n\n\n\n<p>A kihelyez\u00e9s ut\u00e1ni els\u0151 id\u0151szak el\u00e9g sok munk\u00e1val j\u00e1r: minden nap \u00edr\u00e1sos jelent\u00e9st kell tenni a szoci\u00e1lis munk\u00e1snak arr\u00f3l, hogy mi hogyan zajlott aznap, egy h\u00f3napon kereszt\u00fcl. Ezt k\u00f6vet\u0151en a m\u00e1sodik h\u00f3napt\u00f3l m\u00e1r csak heti egy jelent\u00e9st kell \u00edrni. 3-6 havonta van egy nagy \u00e9rtekezlet, ahol minden \u00e9rintett megjelenik \u00e9s megbesz\u00e9lj\u00fck az esetleges probl\u00e9m\u00e1kat, lehet\u0151s\u00e9geket.<\/p>\n\n\n\n<p><strong>Van valaki, aki probl\u00e9ma eset\u00e9n t\u00e9ged, mint nevel\u0151sz\u00fcl\u0151t is k\u00e9pvisel?<\/strong><\/p>\n\n\n\n<p>Term\u00e9szetesen! Ez \u00fagy m\u0171k\u00f6dik, hogy nekem van egy szoci\u00e1lis munk\u00e1som, aki engem seg\u00edt, az \u00e9n \u00e9rdekeimet k\u00e9pviseli \u00e9s a gyerekeknek is van fejenk\u00e9nt egy. A d\u00f6nt\u00e9sek az \u0151 konszenzusukb\u00f3l sz\u00fcletnek, hogy az minden f\u00e9l sz\u00e1m\u00e1ra kedvez\u0151 legyen, p\u00e9ld\u00e1ul arr\u00f3l, hogy h\u00e1nyszor legyen l\u00e1that\u00e1s. S\u0151t, ha \u00f6r\u00f6kbead\u00e1s van, akkor van egy k\u00fcl\u00f6n \u00f6r\u00f6kbefogad\u00e1si szoci\u00e1lis munk\u00e1sa is a gyereknek, \u00e9s van egy, aki a leend\u0151 \u00f6r\u00f6kbefogad\u00f3 p\u00e1rt k\u00e9pviseli. Itt senki nincs mag\u00e1ra hagyva!<\/p>\n\n\n\n<p><strong>Ez remek\u00fcl, hangzik! Kifejten\u00e9d b\u0151vebben, hogy mik a feladatai annak a szoci\u00e1lis munk\u00e1snak, aki t\u00e9ged k\u00e9pvisel?<\/strong><\/p>\n\n\n\n<ul class=\"wp-block-list\"><li>Az \u00e9n t\u00e1mogat\u00f3 szoci\u00e1lis munk\u00e1som minimum havi 1x, de sz\u00fcks\u00e9g eset\u00e9n b\u00e1rmikor elj\u00f6n hozz\u00e1nk, \u00e9s persze telefonon vagy emailben is mindig el\u00e9rhet\u0151. Most \u00e9ppen r\u00f6viddel egy \u00f6r\u00f6kbead\u00e1s ut\u00e1n vagyunk. Naponta h\u00edv, \u00e9rdekl\u0151dik, hogy hogy vagyunk \u00e9s b\u00e1rmit megtesz, amire sz\u00fcks\u00e9g\u00fcnk van, hogy k\u00f6nny\u00edtsen az \u00f6r\u00f6kbead\u00e1s okozta f\u00e1jdalmon. Nemcsak \u00e9rtem felel\u0151s \u00e9s agg\u00f3dik, hanem az eg\u00e9sz csal\u00e1d\u00e9rt.<\/li><li>Ha b\u00e1rmif\u00e9le gondom van a gyermekkel, az \u0151 feladata, hogy mondjuk megkeresse a megfelel\u0151 fejleszt\u0151 szakembert, eg\u00e9szs\u00e9g\u00fcgyi probl\u00e9ma eset\u00e9n szakorvost a kicsi sz\u00e1m\u00e1ra.<\/li><li>Folyamatosan figyeli a csal\u00e1dunkat, nem csak engem; figyel a ki\u00e9g\u00e9sre, a leterhelts\u00e9g\u00fcnkre.<\/li><\/ul>\n\n\n\n<ul class=\"wp-block-list\"><li>Ha pihen\u00e9sre, k\u00f6z\u00f6s id\u0151re van sz\u00fcks\u00e9g\u00fcnk, megszervezi a nevelt gyerekek ideiglenes elhelyez\u00e9s\u00e9t m\u00e1sn\u00e1l.<\/li><\/ul>\n\n\n\n<p><strong>\u00c1lljunk meg egy sz\u00f3ra enn\u00e9l a pontn\u00e1l! Mennyire elfogadott \u00e9s mennyire szab\u00e1lyozott a csal\u00e1d \u201e\u00e9nideje\u201d?<\/strong><\/p>\n\n\n\n<p>Ez itt mag\u00e1t\u00f3l \u00e9rtet\u0151d\u0151, hogy a csal\u00e1dnak sz\u00fcks\u00e9ge van csak egym\u00e1ssal (a nevelt gyerek n\u00e9lk\u00fcl) elt\u00f6lt\u00f6tt, saj\u00e1t id\u0151re. Ennek a m\u00e9rt\u00e9k\u00e9t \u00e1ltal\u00e1ban a kihelyez\u0151 hat\u00e1rozat szab\u00e1lyozza, ami \u00e1tlag 2,5 nap\/h\u00f3, de lehet enn\u00e9l t\u00f6bb is. Ezen id\u0151 alatt a gyerekek m\u00e1s csal\u00e1dokn\u00e1l vannak elhelyezve. itt vannak olyan nevel\u0151csal\u00e1dok, akik kifejezetten erre specializ\u00e1l\u00f3dtak. Ezen fel\u00fcl van \u00e9vi 14 nap fizetett szabads\u00e1g is, ami azt jelenti, hogy itt a nevel\u0151sz\u00fcl\u0151k a nevelt gyerek n\u00e9lk\u00fcl mennek el nyaralni. Azzal j\u00f3 tiszt\u00e1ban lenni, hogy ha valaki a nevelt gyereket is mag\u00e1val viszi nyaralni, az nem sz\u00e1m\u00edt szabads\u00e1gnak!<\/p>\n\n\n\n<p><strong>Ez Magyarorsz\u00e1gon egy\u00e1ltal\u00e1n nem szokv\u00e1nyos, \u00e9s itthon biztosan nagyon megoszt\u00f3 lesz mindaz, ami n\u00e1latok teljess\u00e9ggel elfogadott \u00e9s \u00e1ltal\u00e1nos. Hogyan kommunik\u00e1lj\u00e1tok ti magatok, nevel\u0151sz\u00fcl\u0151k mindezt a gyermek fel\u00e9, hogy: mi most elmegy\u00fcnk nyaralni, te meg addig valahov\u00e1 m\u00e1shov\u00e1 m\u00e9sz?<\/strong><\/p>\n\n\n\n<p>Igaz\u00e1b\u00f3l nem ker\u00edt\u00fcnk neki nagy feneket: \u00edgy van, \u00e9s k\u00e9sz. Mindenki tiszt\u00e1ban van vele, hogy mi csak akkor tudunk adni, ha magunk is fel vagyunk t\u00f6lt\u0151dve. T\u00e9nyk\u00e9nt van kezelve, hogy a felt\u00f6lt\u0151d\u00e9s sz\u00fcks\u00e9gszer\u0171 \u00e9s alapvet\u0151 jogunk, sz\u00fcks\u00e9glet\u00fcnk. Senki nem k\u00e9rd\u0151jelezi ezt meg, s\u0151t t\u00e1mogatj\u00e1k. A gyerekek sz\u00e1mra pedig mindezt \u00fagy t\u00e1laljuk \u00e9s \u00fagy szervezz\u00fck, hogy az nekik is \u00e9lm\u00e9ny legyen! \u00c1ltal\u00e1ban ugyanahhoz a szem\u00e9lyhez mennek, t\u00f6bbedmagukkal vannak \u00e9s \u0151k is j\u00f3l \u00e9rzik ez alatt az id\u0151 alatt magukat, nem csak mi. Senkit nem \u00e9r vesztes\u00e9g.<\/p>\n\n\n\n<p><strong>Mi t\u00f6rt\u00e9nik abban az esetben, ha minden seg\u00edts\u00e9g ellen\u00e9re egy gyerek m\u00e9gsem passzol bele a csal\u00e1dba \u00e9s gondoz\u00e1si hely v\u00e1lt\u00e1sra van sz\u00fcks\u00e9g?<\/strong><\/p>\n\n\n\n<p>Ha ilyen t\u00f6rt\u00e9nik, az sosem \u00e9r senkit v\u00e1ratlanul, hiszen rendszeresen mennek a jelent\u00e9sek, amir\u0151l kor\u00e1bban m\u00e1r besz\u00e9ltem. A szoci\u00e1lis munk\u00e1sok folyamatosan seg\u00edtenek, keresik a megold\u00e1si lehet\u0151s\u00e9geket: tr\u00e9ningeket szerveznek a nevel\u0151sz\u00fcl\u0151nek, \u00f6sszehoznak minket olyanokkal, akiknek m\u00e1r volt dolguk hasonl\u00f3 probl\u00e9m\u00e1kkal; extra szabadid\u0151t kapunk felt\u00f6lt\u0151dni vagy p\u00e9ld\u00e1ul a hivatal plusz napot fizet a kicsiknek az oviban. El lehet menni terapeut\u00e1hoz\u2026 sz\u00f3val minden seg\u00edts\u00e9get megadnak. Ha mindenki mindent megtett, de m\u00e9gsem m\u0171k\u00f6dik a dolog, akkor ker\u00fcl csak sor az \u00e1thelyez\u00e9sre.<\/p>\n\n\n\n<p><strong>Mennyire megb\u00e9lyegz\u0151 egy ilyen \u00e1thelyez\u00e9s a nevel\u0151sz\u00fcl\u0151re n\u00e9zve?<\/strong><\/p>\n\n\n\n<p>Semennyire. Ez egy\u00e9rtelm\u0171en nem a nevel\u0151sz\u00fcl\u0151 hib\u00e1ja. Ez esetben a gyereknek val\u00f3sz\u00edn\u0171leg egy m\u00e1sfajta gondoskod\u00e1sra, esetleg szeml\u00e9letm\u00f3dra van sz\u00fcks\u00e9ge, amit lehet, hogy egy m\u00e1sik csal\u00e1d gond n\u00e9lk\u00fcl meg tud adni neki. Minden nevel\u0151sz\u00fcl\u0151nek m\u00e1s van a tarsoly\u00e1ban, amib\u0151l adni tud, meg kell tal\u00e1lni a megfelel\u0151 p\u00e1ros\u00edt\u00e1st, ami n\u00e9ha nem megy els\u0151re.<\/p>\n\n\n\n<p><strong>H\u00e1ny csal\u00e1dja van egy nevel\u0151sz\u00fcl\u0151t t\u00e1mogat\u00f3 szoci\u00e1lis munk\u00e1snak?<\/strong><\/p>\n\n\n\n<p>Ezt \u00e9ppen most k\u00e9rdeztem meg. Itt n\u00e1lunk 15. \u00c9n ezt meglep\u0151en soknak tartom, de m\u00e9g \u00edgy is m\u0171k\u00f6dik.<\/p>\n\n\n\n<p><strong>Van elegend\u0151 nevel\u0151sz\u00fcl\u0151 ilyen eszm\u00e9nyi felt\u00e9telek mellett?<\/strong><\/p>\n\n\n\n<p>Nem mondan\u00e1m. Mindig hi\u00e1ny van bel\u0151l\u00fck \u00e9s nem nagyon hallani olyanr\u00f3l, hogy valaki hossz\u00fat\u00e1von gyerek n\u00e9lk\u00fcl maradna.<\/p>\n\n\n\n<p><strong>A v\u00e9r szerinti sz\u00fcl\u0151k jogai mennyire \u00e9rv\u00e9nyes\u00fclnek az angol rendszerben?<\/strong><\/p>\n\n\n\n<p>Itt nem v\u00e1rnak \u00e9veket a csod\u00e1ra. Ha egy kisgyerek beker\u00fcl a rendszerbe, 6 h\u00f3napon bel\u00fcl igyekeznek d\u00f6nteni a sors\u00e1r\u00f3l \u00e9s fix helyet keresni nekik. A v\u00e9r szerinti sz\u00fcl\u0151k is rengeteg seg\u00edts\u00e9get kapnak, de ha ezen id\u0151 alatt nem bizony\u00edtj\u00e1k, hogy egy minim\u00e1lisan elfogadhat\u00f3 gondoskod\u00e1st tudnak biztos\u00edtani, akkor a kicsik mennek \u00f6r\u00f6kbe, a nagyok pedig maradnak a nevel\u0151sz\u00fcl\u0151n\u00e9l.<\/p>\n\n\n\n<p><strong>Hogyan vannak szab\u00e1lyozva a kapcsolattart\u00e1sok?<\/strong><\/p>\n\n\n\n<p>N\u00e1lunk Angli\u00e1ban nem nagyon van olyan, hogy fel\u00fcgyelet n\u00e9lk\u00fcli kapcsolattart\u00e1s. Szinte kiz\u00e1r\u00f3lag fel\u00fcgyelt kapcsolattart\u00e1sra van lehet\u0151s\u00e9g, ahol a szoci\u00e1lis munk\u00e1s van jelen \u00e9s mindenr\u0151l feljegyz\u00e9st k\u00e9sz\u00edt. \u00cdgy azt\u00e1n a nevel\u0151sz\u00fcl\u0151-v\u00e9r szerinti sz\u00fcl\u0151 \u00f6sszecsap\u00e1sok sem jellemz\u0151ek. S\u0151t, ha nem akarok, nem is tal\u00e1lkozok vel\u00fck; a szoci\u00e1lis munk\u00e1s \u00e1tv\u00e1llalja a kicsik sz\u00e1ll\u00edt\u00e1s\u00e1t, ha \u00e9n ezt kellemetlennek \u00e9rzem b\u00e1rmi okb\u00f3l. Alapvet\u0151en a gy\u00e1mhivatal igyekszik els\u0151sorban a csal\u00e1don bel\u00fcl elhelyezni a gyereket, \u00e9s csak abban az esetben ker\u00fclnek nevel\u0151sz\u00fcl\u0151h\u00f6z, ha ez semmik\u00e9ppen nem lehets\u00e9ges. Itt Angli\u00e1ban van a nevel\u0151sz\u00fcl\u0151s\u00e9gnek egy speci\u00e1lis form\u00e1ja, ahol a rokon vagy csal\u00e1di bar\u00e1t is lehet nevel\u0151sz\u00fcl\u0151. Ebben az esetben az \u00e1tvizsg\u00e1l\u00e1s k\u00f6nny\u00edtett, de anyagilag \u00e9s szakmailag ugyan\u00fagy vannak t\u00e1mogatva \u0151k is, mint az \u00f6sszes t\u00f6bbi nevel\u0151sz\u00fcl\u0151. Az \u00e9n egykori kis neveltem is ilyen m\u00f3don lett \u00e1tgondozva a nagysz\u00fcleihez.<\/p>\n\n\n\n<p><strong>Vannak m\u00e1s kuri\u00f3zumok is?<\/strong><\/p>\n\n\n\n<p>Igen. P\u00e9ld\u00e1ul olyan is van, hogy a gyerek a v\u00e9r szerinti sz\u00fcl\u0151kkel \u00e9l, de havonta , mondjuk 2 h\u00e9tv\u00e9g\u00e9t nevel\u0151sz\u00fcl\u0151kn\u00e9l t\u00f6lt. Ez azokban a csal\u00e1dokban a legjellemz\u0151bb, ahol egy eg\u00e9szs\u00e9ges gyermek mellett valamilyen fogyat\u00e9koss\u00e1ggal \u00e9l\u0151 testv\u00e9r is \u00e9l. Ez a megold\u00e1s lehet\u0151s\u00e9get teremt a sz\u00fcl\u0151knek \u00e9s az eg\u00e9szs\u00e9ges gyerekeknek arra, hogy felt\u00f6lt\u0151djenek \u00e9s megadj\u00e1k egym\u00e1s sz\u00e1m\u00e1ra azt a plusz figyelmet, amit a gondoz\u00e1s sor\u00e1n id\u0151 hi\u00e1ny\u00e1ban nem engedhetnek meg maguknak.<\/p>\n\n\n\n<p>Mindez azt\u00e1n sz\u00e1mtalan vari\u00e1ci\u00f3ban megval\u00f3s\u00edthat\u00f3. Gyermekotthonok nem igaz\u00e1n vannak. Olyan h\u00e1zakat ismerek, ahol az \u00e1llami gondozott fiatalok a nagykor\u00fas\u00e1guk el\u00e9r\u00e9st k\u00f6vet\u0151en p\u00e1r h\u00f3napot elt\u00f6ltenek, \u00e9s pr\u00f3b\u00e1lgatj\u00e1k a sz\u00e1rnyaikat az \u00f6n\u00e1ll\u00f3 \u00e9letben, de az\u00e9rt seg\u00edts\u00e9ggel: megtanulj\u00e1k ell\u00e1tni magukat, beosztani a p\u00e9nzt, f\u0151zni, mosni, takar\u00edtani\u2026stb.<\/p>\n\n\n\n<p>A speci\u00e1lis ig\u00e9ny\u0171 gyerekek (fogyat\u00e9kkal \u00e9l\u0151k, tart\u00f3s \u00e9s kr\u00f3nikus betegek) minden sz\u00fcks\u00e9ges gy\u00f3gyszert, eszk\u00f6zt ingyen kapnak, ez senkinek nem jelent plusz kiad\u00e1st, s\u0151t mindezen fel\u00fcl m\u00e9g rokkants\u00e1gi seg\u00e9lyben is r\u00e9szes\u00fclnek.<\/p>\n\n\n\n<p><strong>V\u00e9gezet\u00fcl m\u00e1r csak egy k\u00e9rd\u00e9sem van: mi az a dolog, amit ha elvenn\u00e9nek t\u0151letek, azt mondan\u00e1tok, hogy akkor v\u00e9ge, ezt ti nem csin\u00e1lj\u00e1tok tov\u00e1bb?<\/strong><\/p>\n\n\n\n<p>H\u00fa\u00fa, nagyon neh\u00e9z erre v\u00e1laszolni. Mi ezt az\u00e9rt csin\u00e1ljuk, mert a rendszer rettent\u0151en j\u00f3l m\u0171k\u00f6dik. El\u00e9gedettek vagyunk minden t\u00e9ren: megbecs\u00fclnek minket \u00e9s tisztess\u00e9gesen meg vagyunk fizetve. De, ha csak egyet lehetne kiemelnem, akkor azt mondan\u00e1m, hogy ha elvenn\u00e9k azt a fajta t\u00e1mogat\u00e1st, seg\u00edts\u00e9get, amit mi csal\u00e1dk\u00e9nt \u00e9s nevel\u0151sz\u00fcl\u0151k\u00e9nt kapunk, akkor azt hiszem, nem tudn\u00e1m csin\u00e1lni. Ha id\u0151re van sz\u00fcks\u00e9gem, ha a csal\u00e1domnak, a gyerekeimnek sz\u00fcks\u00e9ge van r\u00e1m, mellettem \u00e1llnak \u00e9s megoldjuk a probl\u00e9m\u00e1kat.<\/p>\n\n\n\n<p>Mindezt egyed\u00fcl nem tudn\u00e1nk felv\u00e1llalni, 2-3 idegen gyerekkel. Tudjuk, hogy a nevel\u0151sz\u00fcl\u0151s\u00e9g lemond\u00e1ssal j\u00e1r \u00e9s a saj\u00e1t gyerekeink is tudj\u00e1k ezt, de az\u00e9rt ezt \u00e9sszer\u0171 keretek, hat\u00e1rok k\u00f6z\u00f6tt kell tartani! Rengeteg p\u00e9ld\u00e1t tudn\u00e9k hozni; mondjuk azt, hogy a mi saj\u00e1t gyerekeink is kapnak sz\u00fclet\u00e9snapjukra aj\u00e1nd\u00e9k utalv\u00e1nyt, nem csak a gondozottak, vagy ha sz\u00fcks\u00e9ges, \u0151k\/vagy a sz\u00fcl\u0151k sz\u00e1mukra is k\u00e9rhetik szakember seg\u00edts\u00e9g\u00e9t, hiszen a nevel\u0151sz\u00fcl\u0151s\u00e9g a saj\u00e1t gyereknek is legal\u00e1bb akkora trauma, mint a gondozottnak! Mindez term\u00e9szetesen f\u00fcgg a magunkhoz vett gyerekt\u0151l \u00e9s a trauma m\u00e9rt\u00e9k\u00e9t\u0151l. N\u00e1lunk szerencs\u00e9re m\u00e9g nem volt sz\u00fcks\u00e9g ilyen jelleg\u0171 seg\u00edts\u00e9g ig\u00e9nybev\u00e9tel\u00e9re, de ismerek olyan csal\u00e1dot, ahol a saj\u00e1t gyerekkel szakember foglalkozik heti rendszeress\u00e9ggel.<\/p>\n\n\n\n<p>A t\u00e1mogat\u00e1s, amit kapunk: az adott csal\u00e1dra szabott, egyedi \u00e9s felbecs\u00fclhetetlen!<\/p>\n\n\n\n<p><em>\u2026\u00e9s ekkor villant be el\u0151sz\u00f6r az a bizonyos f\u00e9lmondat, ami az\u00f3ta is k\u00eds\u00e9rt: \u201e\u00e1lmodik a nyomor\u201d\u2026hiszen h\u00fa, de messze vagyunk mi m\u00e9g ett\u0151l.<\/em><\/p>\n","protected":false},"excerpt":{"rendered":"<p>\u00c9va 3 \u00e9ve dolgozik nevel\u0151sz\u00fcl\u0151k\u00e9nt Angli\u00e1ban. Egy angliai magyar oldalon figyeltem fel a vele k\u00e9sz\u00fclt interj\u00fara \u00e9s azonnal tudtam, hogy mindaz, amit elmondott, meg\u00e9r m\u00e9g egy mis\u00e9t. L\u00e1bakat a kispuffra, \u00e1llakat felk\u00f6tni, k\u00e1v\u00e9\/cigi legyen k\u00e9zn\u00e9l\u2026 indulunk Meseorsz\u00e1gba! 10 \u00e9ve hagytuk el Magyarorsz\u00e1got a f\u00e9rjemmel. A g\u00f3lya is viszonylag k\u00e9s\u0151n kopogtatott a csal\u00e1dunkba, de az az &hellip; <a href=\"https:\/\/kobolcso.hu\/?page_id=266\" class=\"more-link\"><span class=\"screen-reader-text\">\u00c1lmodik a nyomor<\/span> r\u00e9szletei&#8230;<\/a><\/p>\n","protected":false},"author":1,"featured_media":0,"parent":0,"menu_order":0,"comment_status":"closed","ping_status":"closed","template":"","meta":{"footnotes":""},"class_list":["post-266","page","type-page","status-publish","hentry"],"_links":{"self":[{"href":"https:\/\/kobolcso.hu\/index.php?rest_route=\/wp\/v2\/pages\/266","targetHints":{"allow":["GET"]}}],"collection":[{"href":"https:\/\/kobolcso.hu\/index.php?rest_route=\/wp\/v2\/pages"}],"about":[{"href":"https:\/\/kobolcso.hu\/index.php?rest_route=\/wp\/v2\/types\/page"}],"author":[{"embeddable":true,"href":"https:\/\/kobolcso.hu\/index.php?rest_route=\/wp\/v2\/users\/1"}],"replies":[{"embeddable":true,"href":"https:\/\/kobolcso.hu\/index.php?rest_route=%2Fwp%2Fv2%2Fcomments&post=266"}],"version-history":[{"count":4,"href":"https:\/\/kobolcso.hu\/index.php?rest_route=\/wp\/v2\/pages\/266\/revisions"}],"predecessor-version":[{"id":274,"href":"https:\/\/kobolcso.hu\/index.php?rest_route=\/wp\/v2\/pages\/266\/revisions\/274"}],"wp:attachment":[{"href":"https:\/\/kobolcso.hu\/index.php?rest_route=%2Fwp%2Fv2%2Fmedia&parent=266"}],"curies":[{"name":"wp","href":"https:\/\/api.w.org\/{rel}","templated":true}]}}