{"id":36,"date":"2021-03-13T10:30:46","date_gmt":"2021-03-13T10:30:46","guid":{"rendered":"http:\/\/kobolcso.hu\/?page_id=36"},"modified":"2021-03-20T11:27:25","modified_gmt":"2021-03-20T11:27:25","slug":"interjuk","status":"publish","type":"page","link":"https:\/\/kobolcso.hu\/?page_id=36","title":{"rendered":"Interj\u00fak"},"content":{"rendered":"\n<p class=\"has-text-align-center\">Interj\u00fak a nevel\u0151sz\u00fcl\u0151ss\u00e9ggel kapcsolatban<\/p>\n\n\n\n<p>K\u00edv\u00fcl\u00e1ll\u00f3k\u00e9nt kev\u00e9s elk\u00e9pzel\u00e9s\u00fcnk van arr\u00f3l, milyen munk\u00e1t v\u00e9geznek a nevel\u0151sz\u00fcl\u0151k. A hivat\u00e1s, amely messzir\u0151l szeml\u00e9lve magasztosnak \u00e9s nemesnek t\u0171nik, val\u00f3j\u00e1ban rengeteg neh\u00e9zs\u00e9get rejt. Traumatiz\u00e1lt, lelkileg elgy\u00f6t\u00f6rt gyermeket nevelni \u00fagy, hogy a helyzete r\u00e1ad\u00e1sul \u00e1tmeneti, rendk\u00edv\u00fcli er\u0151fesz\u00edt\u00e9st \u00e9s \u00e1ldozatot k\u00edv\u00e1n a befogad\u00f3 csal\u00e1dt\u00f3l.<\/p>\n","protected":false},"excerpt":{"rendered":"<p>Interj\u00fak a nevel\u0151sz\u00fcl\u0151ss\u00e9ggel kapcsolatban K\u00edv\u00fcl\u00e1ll\u00f3k\u00e9nt kev\u00e9s elk\u00e9pzel\u00e9s\u00fcnk van arr\u00f3l, milyen munk\u00e1t v\u00e9geznek a nevel\u0151sz\u00fcl\u0151k. A hivat\u00e1s, amely messzir\u0151l szeml\u00e9lve magasztosnak \u00e9s nemesnek t\u0171nik, val\u00f3j\u00e1ban rengeteg neh\u00e9zs\u00e9get rejt. Traumatiz\u00e1lt, lelkileg elgy\u00f6t\u00f6rt gyermeket nevelni \u00fagy, hogy a helyzete r\u00e1ad\u00e1sul \u00e1tmeneti, rendk\u00edv\u00fcli er\u0151fesz\u00edt\u00e9st \u00e9s \u00e1ldozatot k\u00edv\u00e1n a befogad\u00f3 csal\u00e1dt\u00f3l.<\/p>\n","protected":false},"author":1,"featured_media":0,"parent":0,"menu_order":0,"comment_status":"closed","ping_status":"closed","template":"","meta":{"footnotes":""},"class_list":["post-36","page","type-page","status-publish","hentry"],"_links":{"self":[{"href":"https:\/\/kobolcso.hu\/index.php?rest_route=\/wp\/v2\/pages\/36","targetHints":{"allow":["GET"]}}],"collection":[{"href":"https:\/\/kobolcso.hu\/index.php?rest_route=\/wp\/v2\/pages"}],"about":[{"href":"https:\/\/kobolcso.hu\/index.php?rest_route=\/wp\/v2\/types\/page"}],"author":[{"embeddable":true,"href":"https:\/\/kobolcso.hu\/index.php?rest_route=\/wp\/v2\/users\/1"}],"replies":[{"embeddable":true,"href":"https:\/\/kobolcso.hu\/index.php?rest_route=%2Fwp%2Fv2%2Fcomments&post=36"}],"version-history":[{"count":4,"href":"https:\/\/kobolcso.hu\/index.php?rest_route=\/wp\/v2\/pages\/36\/revisions"}],"predecessor-version":[{"id":153,"href":"https:\/\/kobolcso.hu\/index.php?rest_route=\/wp\/v2\/pages\/36\/revisions\/153"}],"wp:attachment":[{"href":"https:\/\/kobolcso.hu\/index.php?rest_route=%2Fwp%2Fv2%2Fmedia&parent=36"}],"curies":[{"name":"wp","href":"https:\/\/api.w.org\/{rel}","templated":true}]}}