{"id":63,"date":"2021-03-13T10:59:02","date_gmt":"2021-03-13T10:59:02","guid":{"rendered":"http:\/\/kobolcso.hu\/?page_id=63"},"modified":"2021-04-04T10:52:14","modified_gmt":"2021-04-04T10:52:14","slug":"63-2","status":"publish","type":"page","link":"https:\/\/kobolcso.hu\/?page_id=63","title":{"rendered":"Interj\u00fam F\u00e9der M\u00e1rt\u00e1val a bor\u00edt\u00f3tervez\u00e9s kulisszatitkair\u00f3l!"},"content":{"rendered":"\n<figure class=\"wp-block-image size-large\"><img loading=\"lazy\" decoding=\"async\" width=\"1024\" height=\"873\" src=\"http:\/\/kobolcso.hu\/wp-content\/uploads\/2021\/03\/20210313_113917-1-1024x873.jpg\" alt=\"\" class=\"wp-image-96\" srcset=\"https:\/\/kobolcso.hu\/wp-content\/uploads\/2021\/03\/20210313_113917-1-1024x873.jpg 1024w, https:\/\/kobolcso.hu\/wp-content\/uploads\/2021\/03\/20210313_113917-1-300x256.jpg 300w, https:\/\/kobolcso.hu\/wp-content\/uploads\/2021\/03\/20210313_113917-1-768x655.jpg 768w, https:\/\/kobolcso.hu\/wp-content\/uploads\/2021\/03\/20210313_113917-1.jpg 1440w\" sizes=\"auto, (max-width: 1024px) 100vw, 1024px\" \/><\/figure>\n\n\n\n<p><em>Az els\u0151 dolog, amit a k\u00f6nyvkiad\u00e1s kapcs\u00e1n megtanultam, hogy a v\u00e1s\u00e1rl\u00f3 \u00e1tlagosan 10 m\u00e1sodperc alatt, a bor\u00edt\u00f3 alapj\u00e1n d\u00f6nti el, leveszi-e a polcr\u00f3l a k\u00f6nyvet, vagy tov\u00e1bb\u00e1ll; ez\u00e9rt nekem mint els\u0151k\u00f6nyves, ismeretlen szerz\u0151nek \u00f3ri\u00e1si dolog, hogy a t\u00f6rt\u00e9net\u00e9t egy ilyen neves \u00e9s tapasztalt tervez\u0151, mint interj\u00faalanyom: F\u00e9der M\u00e1rta \u00f6lt\u00f6ztette fel.<\/em><\/p>\n\n\n\n<p><em>A vele k\u00e9sz\u00fclt interj\u00fat az al\u00e1bbi linken olvashatj\u00e1tok:<\/em><\/p>\n\n\n\n<p class=\"has-medium-pink-color has-text-color\"><blockquote class=\"wp-embedded-content\" data-secret=\"8TAXFlUbxE\"><a href=\"https:\/\/nyugatiter.blog\/2021\/03\/szeretem-a-valtozatossagot\/\">Szeretem a v\u00e1ltozatoss\u00e1got<\/a><\/blockquote><iframe loading=\"lazy\" class=\"wp-embedded-content\" sandbox=\"allow-scripts\" security=\"restricted\" style=\"position: absolute; clip: rect(1px, 1px, 1px, 1px);\" title=\"&#8220;Szeretem a v\u00e1ltozatoss\u00e1got&#8221; &#8212; nyugatiter.blog\" src=\"https:\/\/nyugatiter.blog\/2021\/03\/szeretem-a-valtozatossagot\/embed\/#?secret=3FT5qdVbTh#?secret=8TAXFlUbxE\" data-secret=\"8TAXFlUbxE\" width=\"600\" height=\"338\" frameborder=\"0\" marginwidth=\"0\" marginheight=\"0\" scrolling=\"no\"><\/iframe><\/p>\n","protected":false},"excerpt":{"rendered":"<p>Az els\u0151 dolog, amit a k\u00f6nyvkiad\u00e1s kapcs\u00e1n megtanultam, hogy a v\u00e1s\u00e1rl\u00f3 \u00e1tlagosan 10 m\u00e1sodperc alatt, a bor\u00edt\u00f3 alapj\u00e1n d\u00f6nti el, leveszi-e a polcr\u00f3l a k\u00f6nyvet, vagy tov\u00e1bb\u00e1ll; ez\u00e9rt nekem mint els\u0151k\u00f6nyves, ismeretlen szerz\u0151nek \u00f3ri\u00e1si dolog, hogy a t\u00f6rt\u00e9net\u00e9t egy ilyen neves \u00e9s tapasztalt tervez\u0151, mint interj\u00faalanyom: F\u00e9der M\u00e1rta \u00f6lt\u00f6ztette fel. A vele k\u00e9sz\u00fclt interj\u00fat az &hellip; <a href=\"https:\/\/kobolcso.hu\/?page_id=63\" class=\"more-link\"><span class=\"screen-reader-text\">Interj\u00fam F\u00e9der M\u00e1rt\u00e1val a bor\u00edt\u00f3tervez\u00e9s kulisszatitkair\u00f3l!<\/span> r\u00e9szletei&#8230;<\/a><\/p>\n","protected":false},"author":1,"featured_media":0,"parent":0,"menu_order":0,"comment_status":"closed","ping_status":"closed","template":"","meta":{"footnotes":""},"class_list":["post-63","page","type-page","status-publish","hentry"],"_links":{"self":[{"href":"https:\/\/kobolcso.hu\/index.php?rest_route=\/wp\/v2\/pages\/63","targetHints":{"allow":["GET"]}}],"collection":[{"href":"https:\/\/kobolcso.hu\/index.php?rest_route=\/wp\/v2\/pages"}],"about":[{"href":"https:\/\/kobolcso.hu\/index.php?rest_route=\/wp\/v2\/types\/page"}],"author":[{"embeddable":true,"href":"https:\/\/kobolcso.hu\/index.php?rest_route=\/wp\/v2\/users\/1"}],"replies":[{"embeddable":true,"href":"https:\/\/kobolcso.hu\/index.php?rest_route=%2Fwp%2Fv2%2Fcomments&post=63"}],"version-history":[{"count":6,"href":"https:\/\/kobolcso.hu\/index.php?rest_route=\/wp\/v2\/pages\/63\/revisions"}],"predecessor-version":[{"id":243,"href":"https:\/\/kobolcso.hu\/index.php?rest_route=\/wp\/v2\/pages\/63\/revisions\/243"}],"wp:attachment":[{"href":"https:\/\/kobolcso.hu\/index.php?rest_route=%2Fwp%2Fv2%2Fmedia&parent=63"}],"curies":[{"name":"wp","href":"https:\/\/api.w.org\/{rel}","templated":true}]}}