{"id":75,"date":"2021-03-13T11:20:42","date_gmt":"2021-03-13T11:20:42","guid":{"rendered":"http:\/\/kobolcso.hu\/?page_id=75"},"modified":"2021-03-13T16:49:53","modified_gmt":"2021-03-13T16:49:53","slug":"75-2","status":"publish","type":"page","link":"https:\/\/kobolcso.hu\/?page_id=75","title":{"rendered":"\u201eEz a k\u00f6nyv volt az \u00e9n utols\u00f3 patronom\u201d \u2212 Interj\u00fa St\u00e1jn Emm\u00e1val K\u0151b\u00f6lcs\u0151 c\u00edm\u0171 k\u00f6nyv\u00e9r\u0151l, amely a nevel\u0151sz\u00fcl\u0151s\u00e9gr\u0151l mes\u00e9l"},"content":{"rendered":"\n<figure class=\"wp-block-image size-large\"><img loading=\"lazy\" decoding=\"async\" width=\"1024\" height=\"683\" src=\"http:\/\/kobolcso.hu\/wp-content\/uploads\/2021\/03\/185-1024x683.jpg\" alt=\"\" class=\"wp-image-91\" srcset=\"https:\/\/kobolcso.hu\/wp-content\/uploads\/2021\/03\/185-1024x683.jpg 1024w, https:\/\/kobolcso.hu\/wp-content\/uploads\/2021\/03\/185-300x200.jpg 300w, https:\/\/kobolcso.hu\/wp-content\/uploads\/2021\/03\/185-768x512.jpg 768w, https:\/\/kobolcso.hu\/wp-content\/uploads\/2021\/03\/185-1536x1024.jpg 1536w, https:\/\/kobolcso.hu\/wp-content\/uploads\/2021\/03\/185-2048x1365.jpg 2048w\" sizes=\"auto, (max-width: 1024px) 100vw, 1024px\" \/><\/figure>\n\n\n\n<figure class=\"wp-block-embed is-type-wp-embed is-provider-pszichoforyou-szivvel-lelekkel-neked wp-block-embed-pszichoforyou-szivvel-lelekkel-neked\"><div class=\"wp-block-embed__wrapper\">\n<blockquote class=\"wp-embedded-content\" data-secret=\"8k7y62CmFq\"><a href=\"https:\/\/pszichoforyou.hu\/interju-stajn-emma-kobolcso\/\">\u201eEz a k\u00f6nyv volt az \u00e9n utols\u00f3 patronom\u201d \u2212 Interj\u00fa St\u00e1jn Emm\u00e1val K\u0151b\u00f6lcs\u0151 c\u00edm\u0171 k\u00f6nyv\u00e9r\u0151l, amely a nevel\u0151sz\u00fcl\u0151s\u00e9gr\u0151l mes\u00e9l<\/a><\/blockquote><iframe loading=\"lazy\" class=\"wp-embedded-content\" sandbox=\"allow-scripts\" security=\"restricted\" style=\"position: absolute; clip: rect(1px, 1px, 1px, 1px);\" title=\"&#8220;\u201eEz a k\u00f6nyv volt az \u00e9n utols\u00f3 patronom\u201d \u2212 Interj\u00fa St\u00e1jn Emm\u00e1val K\u0151b\u00f6lcs\u0151 c\u00edm\u0171 k\u00f6nyv\u00e9r\u0151l, amely a nevel\u0151sz\u00fcl\u0151s\u00e9gr\u0151l mes\u00e9l&#8221; &#8212; Pszichoforyou Sz\u00edvvel. L\u00e9lekkel. Neked.\" src=\"https:\/\/pszichoforyou.hu\/interju-stajn-emma-kobolcso\/embed\/#?secret=d6rL71fWG9#?secret=8k7y62CmFq\" data-secret=\"8k7y62CmFq\" width=\"600\" height=\"338\" frameborder=\"0\" marginwidth=\"0\" marginheight=\"0\" scrolling=\"no\"><\/iframe>\n<\/div><\/figure>\n\n\n\n<p><\/p>\n","protected":false},"excerpt":{"rendered":"","protected":false},"author":1,"featured_media":0,"parent":0,"menu_order":0,"comment_status":"closed","ping_status":"closed","template":"","meta":{"footnotes":""},"class_list":["post-75","page","type-page","status-publish","hentry"],"_links":{"self":[{"href":"https:\/\/kobolcso.hu\/index.php?rest_route=\/wp\/v2\/pages\/75","targetHints":{"allow":["GET"]}}],"collection":[{"href":"https:\/\/kobolcso.hu\/index.php?rest_route=\/wp\/v2\/pages"}],"about":[{"href":"https:\/\/kobolcso.hu\/index.php?rest_route=\/wp\/v2\/types\/page"}],"author":[{"embeddable":true,"href":"https:\/\/kobolcso.hu\/index.php?rest_route=\/wp\/v2\/users\/1"}],"replies":[{"embeddable":true,"href":"https:\/\/kobolcso.hu\/index.php?rest_route=%2Fwp%2Fv2%2Fcomments&post=75"}],"version-history":[{"count":3,"href":"https:\/\/kobolcso.hu\/index.php?rest_route=\/wp\/v2\/pages\/75\/revisions"}],"predecessor-version":[{"id":92,"href":"https:\/\/kobolcso.hu\/index.php?rest_route=\/wp\/v2\/pages\/75\/revisions\/92"}],"wp:attachment":[{"href":"https:\/\/kobolcso.hu\/index.php?rest_route=%2Fwp%2Fv2%2Fmedia&parent=75"}],"curies":[{"name":"wp","href":"https:\/\/api.w.org\/{rel}","templated":true}]}}